{"id":1220,"date":"2023-10-12T13:26:03","date_gmt":"2023-10-12T11:26:03","guid":{"rendered":"https:\/\/www.redlightdistrictnijmegen.nl\/bordell-nijmegen\/"},"modified":"2023-10-26T13:36:01","modified_gmt":"2023-10-26T11:36:01","slug":"bordell-nijmegen","status":"publish","type":"page","link":"https:\/\/www.redlightdistrictnijmegen.nl\/de\/bordell-nijmegen\/","title":{"rendered":"Bordell Nijmegen"},"content":{"rendered":"<div class=\"wpb-content-wrapper\"><p>[vc_row full_width=&#8220;stretch_row&#8220; equal_height=&#8220;yes&#8220; content_placement=&#8220;middle&#8220; css=&#8220;.vc_custom_1696590801045{background-image: url(https:\/\/www.redlightdistrictnijmegen.nl\/wp-content\/uploads\/Background_image_wo_blur-scaled.jpg?id=659) !important;}&#8220; el_class=&#8220;bg_blur img-left&#8220;][vc_column width=&#8220;1\/2&#8243;][vc_single_image image=&#8220;833&#8243; img_size=&#8220;full&#8220; css=&#8220;.vc_custom_1698221991306{margin-right: 0px !important;margin-left: 0px !important;padding-right: 0px !important;padding-left: 0px !important;}&#8220;][\/vc_column][vc_column width=&#8220;1\/2&#8243;][vc_column_text]<\/p>\n<h2>Warum ein Zimmer im Red Light District Nijmegen mieten?<\/h2>\n<p>Suchen Sie ein Zimmer in einem Bordell in Nijmegen? Dann sind Sie im Red Light District Nijmegen genau richtig. Wir haben luxuri\u00f6se Fenstereigent\u00fcmer mit sch\u00f6nen Fensterspots, wo Sie luxuri\u00f6se R\u00e4ume mieten k\u00f6nnen, um erotische Arbeit zu leisten. Die Besucher k\u00f6nnen konkret mit Ihnen in Kontakt treten. Sie entscheiden, was Sie tun und mit wem. Au\u00dferdem bestimmen Sie Ihre Arbeitszeiten selbst. Die Vorteile der Anmietung eines Zimmers im Bordell Red Light District Nijmegen sind:<\/p>\n<ul>\n<li>Sie bestimmen Ihre Arbeitszeiten selbst<\/li>\n<li>Entscheiden Sie, was Sie wollen und mit wem<\/li>\n<li>K\u00fcche vorhanden<\/li>\n<li>Sicherheit vorhanden<\/li>\n<li>Vielf\u00e4ltige Einrichtungen<\/li>\n<li>Gem\u00fctliche und lockere Atmosph\u00e4re<\/li>\n<li>25 attraktive und luxuri\u00f6se Zimmer<\/li>\n<li>Parken vor der T\u00fcr<\/li>\n<\/ul>\n<p>[\/vc_column_text][\/vc_column][\/vc_row][vc_row full_width=&#8220;stretch_row&#8220; equal_height=&#8220;yes&#8220; content_placement=&#8220;middle&#8220; el_class=&#8220;bg_blur mirror img-right&#8220; css=&#8220;.vc_custom_1696590793055{background-image: url(https:\/\/www.redlightdistrictnijmegen.nl\/wp-content\/uploads\/bg_image-blur-flipped-scaled.jpg?id=969) !important;}&#8220;][vc_column width=&#8220;1\/2&#8243;][vc_column_text]<\/p>\n<h2>Der ideale Arbeitsplatz<\/h2>\n<p>Wenn du ein Zimmer in unserem Bordell in Nimwegen mietest, kannst du selbst entscheiden, was du tun m\u00f6chtest und mit wem. Sie entscheiden auch, wann Sie arbeiten. Wir bieten Ihnen sogar die Freiheit, Ihre Arbeitszeiten selbst zu bestimmen. Als ein M\u00e4dchen, das Spa\u00df hat, triffst du deine eigenen Entscheidungen. Wollen Sie also an den Tagen und zu den Zeiten, die Sie w\u00fcnschen, gutes Geld verdienen und dabei entscheiden, was Sie tun und was nicht? Und mit wem? Dann bieten wir Ihnen den idealen Arbeitsplatz in einer Top-Atmosph\u00e4re, die Spa\u00df macht!<br \/>\n[\/vc_column_text][\/vc_column][vc_column width=&#8220;1\/2&#8243;][vc_single_image image=&#8220;798&#8243; img_size=&#8220;full&#8220; css=&#8220;.vc_custom_1698222038300{margin-right: 0px !important;margin-left: 0px !important;padding-right: 0px !important;padding-left: 0px !important;}&#8220;][\/vc_column][\/vc_row][vc_row full_width=&#8220;stretch_row_content&#8220; el_class=&#8220;contact_form_1&#8243;][vc_column width=&#8220;1\/2&#8243;]<script type=\"text\/javascript\">\n\/* <![CDATA[ *\/\nvar gform;gform||(document.addEventListener(\"gform_main_scripts_loaded\",function(){gform.scriptsLoaded=!0}),document.addEventListener(\"gform\/theme\/scripts_loaded\",function(){gform.themeScriptsLoaded=!0}),window.addEventListener(\"DOMContentLoaded\",function(){gform.domLoaded=!0}),gform={domLoaded:!1,scriptsLoaded:!1,themeScriptsLoaded:!1,isFormEditor:()=>\"function\"==typeof InitializeEditor,callIfLoaded:function(o){return!(!gform.domLoaded||!gform.scriptsLoaded||!gform.themeScriptsLoaded&&!gform.isFormEditor()||(gform.isFormEditor()&&console.warn(\"The use of gform.initializeOnLoaded() is deprecated in the form editor context and will be removed in Gravity Forms 3.1.\"),o(),0))},initializeOnLoaded:function(o){gform.callIfLoaded(o)||(document.addEventListener(\"gform_main_scripts_loaded\",()=>{gform.scriptsLoaded=!0,gform.callIfLoaded(o)}),document.addEventListener(\"gform\/theme\/scripts_loaded\",()=>{gform.themeScriptsLoaded=!0,gform.callIfLoaded(o)}),window.addEventListener(\"DOMContentLoaded\",()=>{gform.domLoaded=!0,gform.callIfLoaded(o)}))},hooks:{action:{},filter:{}},addAction:function(o,r,e,t){gform.addHook(\"action\",o,r,e,t)},addFilter:function(o,r,e,t){gform.addHook(\"filter\",o,r,e,t)},doAction:function(o){gform.doHook(\"action\",o,arguments)},applyFilters:function(o){return gform.doHook(\"filter\",o,arguments)},removeAction:function(o,r){gform.removeHook(\"action\",o,r)},removeFilter:function(o,r,e){gform.removeHook(\"filter\",o,r,e)},addHook:function(o,r,e,t,n){null==gform.hooks[o][r]&&(gform.hooks[o][r]=[]);var d=gform.hooks[o][r];null==n&&(n=r+\"_\"+d.length),gform.hooks[o][r].push({tag:n,callable:e,priority:t=null==t?10:t})},doHook:function(r,o,e){var t;if(e=Array.prototype.slice.call(e,1),null!=gform.hooks[r][o]&&((o=gform.hooks[r][o]).sort(function(o,r){return o.priority-r.priority}),o.forEach(function(o){\"function\"!=typeof(t=o.callable)&&(t=window[t]),\"action\"==r?t.apply(null,e):e[0]=t.apply(null,e)})),\"filter\"==r)return e[0]},removeHook:function(o,r,t,n){var e;null!=gform.hooks[o][r]&&(e=(e=gform.hooks[o][r]).filter(function(o,r,e){return!!(null!=n&&n!=o.tag||null!=t&&t!=o.priority)}),gform.hooks[o][r]=e)}});\n\/* ]]> *\/\n<\/script>\n\n                <div class='gf_browser_gecko gform_wrapper gravity-theme gform-theme--no-framework' data-form-theme='gravity-theme' data-form-index='0' id='gform_wrapper_1' >\n                        <div class='gform_heading'>\n                            <h2 class=\"gform_title\">F\u00fcllen Sie das Formular aus<\/h2>\n                            <p class='gform_description'>AANMELDING<\/p>\n                        <\/div><form method='post' enctype='multipart\/form-data'  id='gform_1'  action='\/de\/wp-json\/wp\/v2\/pages\/1220' data-formid='1' novalidate>\t\t\t\t\t<div style=\"display: none !important;\" class=\"akismet-fields-container gf_invisible\" data-prefix=\"ak_\">\n\t\t\t\t\t\t<label>&#916;<textarea name=\"ak_hp_textarea\" cols=\"45\" rows=\"8\" maxlength=\"100\"><\/textarea><\/label>\n\t\t\t\t\t\t<input type=\"hidden\" id=\"ak_js_1\" name=\"ak_js\" value=\"14\" \/>\n\t\t\t\t\t\t<script type=\"text\/javascript\">\n\/* <![CDATA[ *\/\ndocument.getElementById( \"ak_js_1\" ).setAttribute( \"value\", ( new Date() ).getTime() );\n\/* ]]> *\/\n<\/script>\n\n\t\t\t\t\t<\/div>\n                        <div class='gform-body gform_body'><div id='gform_fields_1' class='gform_fields top_label form_sublabel_below description_below validation_below'><div id=\"field_1_1\" class=\"gfield gfield--type-text gfield--width-half border_bottom gfield_contains_required field_sublabel_below gfield--no-description field_description_below hidden_label field_validation_below gfield_visibility_visible\"  ><label class='gfield_label gform-field-label' for='input_1_1'>Vorname<span class=\"gfield_required\"><span class=\"gfield_required gfield_required_text\">(erforderlich)<\/span><\/span><\/label><div class='ginput_container ginput_container_text'><input name='input_1' id='input_1_1' type='text' value='' class='large'    placeholder='Vorname' aria-required=\"true\" aria-invalid=\"false\"   \/><\/div><\/div><div id=\"field_1_3\" class=\"gfield gfield--type-text gfield--width-half border_bottom gfield_contains_required field_sublabel_below gfield--no-description field_description_below hidden_label field_validation_below gfield_visibility_visible\"  ><label class='gfield_label gform-field-label' for='input_1_3'>Nachname<span class=\"gfield_required\"><span class=\"gfield_required gfield_required_text\">(erforderlich)<\/span><\/span><\/label><div class='ginput_container ginput_container_text'><input name='input_3' id='input_1_3' type='text' value='' class='large'    placeholder='Nachname' aria-required=\"true\" aria-invalid=\"false\"   \/><\/div><\/div><div id=\"field_1_5\" class=\"gfield gfield--type-phone gfield--width-half border_bottom gfield_contains_required field_sublabel_below gfield--no-description field_description_below hidden_label field_validation_below gfield_visibility_visible\"  ><label class='gfield_label gform-field-label' for='input_1_5'>Rufnummer<span class=\"gfield_required\"><span class=\"gfield_required gfield_required_text\">(erforderlich)<\/span><\/span><\/label><div class='ginput_container ginput_container_phone'><input name='input_5' id='input_1_5' type='tel' value='' class='large'  placeholder='Rufnummer' aria-required=\"true\" aria-invalid=\"false\"   \/><\/div><\/div><div id=\"field_1_4\" class=\"gfield gfield--type-email gfield--width-half border_bottom gfield_contains_required field_sublabel_below gfield--no-description field_description_below hidden_label field_validation_below gfield_visibility_visible\"  ><label class='gfield_label gform-field-label' for='input_1_4'>E-Mail Adresse<span class=\"gfield_required\"><span class=\"gfield_required gfield_required_text\">(erforderlich)<\/span><\/span><\/label><div class='ginput_container ginput_container_email'>\n                            <input name='input_4' id='input_1_4' type='email' value='' class='large'   placeholder='E-Mail Adresse' aria-required=\"true\" aria-invalid=\"false\"  \/>\n                        <\/div><\/div><div id=\"field_1_8\" class=\"gfield gfield--type-textarea gfield--width-full field_sublabel_below gfield--no-description field_description_below hidden_label field_validation_below gfield_visibility_visible\"  ><label class='gfield_label gform-field-label' for='input_1_8'>Bericht<\/label><div class='ginput_container ginput_container_textarea'><textarea name='input_8' id='input_1_8' class='textarea large'    placeholder='Ihre Nachricht'  aria-invalid=\"false\"   rows='10' cols='50'><\/textarea><\/div><\/div><\/div><\/div>\n        <div class='gform-footer gform_footer top_label'> <input type=\"submit\" class=\"gform_button btn btn-primary\" id=\"gform_submit_button_1\" value=\"Anfrage senden\"> \n            <input type='hidden' class='gform_hidden' name='gform_submission_method' data-js='gform_submission_method_1' value='postback' \/>\n            <input type='hidden' class='gform_hidden' name='gform_theme' data-js='gform_theme_1' id='gform_theme_1' value='gravity-theme' \/>\n            <input type='hidden' class='gform_hidden' name='gform_style_settings' data-js='gform_style_settings_1' id='gform_style_settings_1' value='[]' \/>\n            <input type='hidden' class='gform_hidden' name='is_submit_1' value='1' \/>\n            <input type='hidden' class='gform_hidden' name='gform_submit' value='1' \/>\n            \n            <input type='hidden' class='gform_hidden' name='gform_currency' data-currency='EUR' value='CeDZS9fjxYvQoMnUCSwbJ6Uw3wBEhEu\/7LtflRx6190O+N7eZ9gIQ2p7LKRX00A\/vzvtT8A1LELH5RQL1O6sMgwsnpls9g38ry3z3T9O\/wRNuBQ=' \/>\n            <input type='hidden' class='gform_hidden' name='gform_unique_id' value='' \/>\n            <input type='hidden' class='gform_hidden' name='state_1' value='WyJbXSIsImUyYTNiNDM5OWZiOThhOGEwZDNjY2U2ZmM2ZmQ4NzU1Il0=' \/>\n            <input type='hidden' autocomplete='off' class='gform_hidden' name='gform_target_page_number_1' id='gform_target_page_number_1' value='0' \/>\n            <input type='hidden' autocomplete='off' class='gform_hidden' name='gform_source_page_number_1' id='gform_source_page_number_1' value='1' \/>\n            <input type='hidden' name='gform_field_values' value='' \/>\n            \n        <\/div>\n                        <\/form>\n                        <\/div><script type=\"text\/javascript\">\n\/* <![CDATA[ *\/\n gform.initializeOnLoaded( function() {gformInitSpinner( 1, 'https:\/\/www.redlightdistrictnijmegen.nl\/wp-content\/plugins\/gravityforms\/images\/spinner.svg', true );jQuery('#gform_ajax_frame_1').on('load',function(){var contents = jQuery(this).contents().find('*').html();var is_postback = contents.indexOf('GF_AJAX_POSTBACK') >= 0;if(!is_postback){return;}var form_content = jQuery(this).contents().find('#gform_wrapper_1');var is_confirmation = jQuery(this).contents().find('#gform_confirmation_wrapper_1').length > 0;var is_redirect = contents.indexOf('gformRedirect(){') >= 0;var is_form = form_content.length > 0 && ! is_redirect && ! is_confirmation;var mt = parseInt(jQuery('html').css('margin-top'), 10) + parseInt(jQuery('body').css('margin-top'), 10) + 100;if(is_form){jQuery('#gform_wrapper_1').html(form_content.html());if(form_content.hasClass('gform_validation_error')){jQuery('#gform_wrapper_1').addClass('gform_validation_error');} else {jQuery('#gform_wrapper_1').removeClass('gform_validation_error');}setTimeout( function() { \/* delay the scroll by 50 milliseconds to fix a bug in chrome *\/  }, 50 );if(window['gformInitDatepicker']) {gformInitDatepicker();}if(window['gformInitPriceFields']) {gformInitPriceFields();}var current_page = jQuery('#gform_source_page_number_1').val();gformInitSpinner( 1, 'https:\/\/www.redlightdistrictnijmegen.nl\/wp-content\/plugins\/gravityforms\/images\/spinner.svg', true );jQuery(document).trigger('gform_page_loaded', [1, current_page]);window['gf_submitting_1'] = false;}else if(!is_redirect){var confirmation_content = jQuery(this).contents().find('.GF_AJAX_POSTBACK').html();if(!confirmation_content){confirmation_content = contents;}jQuery('#gform_wrapper_1').replaceWith(confirmation_content);jQuery(document).trigger('gform_confirmation_loaded', [1]);window['gf_submitting_1'] = false;wp.a11y.speak(jQuery('#gform_confirmation_message_1').text());}else{jQuery('#gform_1').append(contents);if(window['gformRedirect']) {gformRedirect();}}jQuery(document).trigger(\"gform_pre_post_render\", [{ formId: \"1\", currentPage: \"current_page\", abort: function() { this.preventDefault(); } }]);        if (event && event.defaultPrevented) {                return;        }        const gformWrapperDiv = document.getElementById( \"gform_wrapper_1\" );        if ( gformWrapperDiv ) {            const visibilitySpan = document.createElement( \"span\" );            visibilitySpan.id = \"gform_visibility_test_1\";            gformWrapperDiv.insertAdjacentElement( \"afterend\", visibilitySpan );        }        const visibilityTestDiv = document.getElementById( \"gform_visibility_test_1\" );        let postRenderFired = false;        function triggerPostRender() {            if ( postRenderFired ) {                return;            }            postRenderFired = true;            gform.core.triggerPostRenderEvents( 1, current_page );            if ( visibilityTestDiv ) {                visibilityTestDiv.parentNode.removeChild( visibilityTestDiv );            }        }        function debounce( func, wait, immediate ) {            var timeout;            return function() {                var context = this, args = arguments;                var later = function() {                    timeout = null;                    if ( !immediate ) func.apply( context, args );                };                var callNow = immediate && !timeout;                clearTimeout( timeout );                timeout = setTimeout( later, wait );                if ( callNow ) func.apply( context, args );            };        }        const debouncedTriggerPostRender = debounce( function() {            triggerPostRender();        }, 200 );        if ( visibilityTestDiv && visibilityTestDiv.offsetParent === null ) {            const observer = new MutationObserver( ( mutations ) => {                mutations.forEach( ( mutation ) => {                    if ( mutation.type === 'attributes' && visibilityTestDiv.offsetParent !== null ) {                        debouncedTriggerPostRender();                        observer.disconnect();                    }                });            });            observer.observe( document.body, {                attributes: true,                childList: false,                subtree: true,                attributeFilter: [ 'style', 'class' ],            });        } else {            triggerPostRender();        }    } );} ); \n\/* ]]> *\/\n<\/script>\n[\/vc_column][vc_column width=&#8220;1\/2&#8243;][vc_single_image image=&#8220;833&#8243; img_size=&#8220;full&#8220; css=&#8220;.vc_custom_1698222096507{margin-right: 0px !important;margin-left: 0px !important;padding-right: 0px !important;padding-left: 0px !important;}&#8220;][\/vc_column][\/vc_row][vc_row full_width=&#8220;stretch_row_content&#8220;][vc_column width=&#8220;1\/6&#8243;][\/vc_column][vc_column width=&#8220;2\/3&#8243;][vc_column_text]<\/p>\n<h5 style=\"text-align: center;\">Besichtigung<\/h5>\n<h2 style=\"text-align: center;\">Blick ins Innere<\/h2>\n<p>[\/vc_column_text][vc_video link=&#8220;https:\/\/youtu.be\/edCJIoFupCk&#8220;][\/vc_column][vc_column width=&#8220;1\/6&#8243;][\/vc_column][\/vc_row][vc_row full_width=&#8220;stretch_row&#8220; equal_height=&#8220;yes&#8220; content_placement=&#8220;middle&#8220; css=&#8220;.vc_custom_1697109783283{background-image: url(https:\/\/www.redlightdistrictnijmegen.nl\/wp-content\/uploads\/bg_image-blur-flipped-scaled.jpg?id=969) !important;}&#8220;][vc_column width=&#8220;1\/2&#8243;][vc_column_text]<\/p>\n<h2 style=\"text-align: center;\">Bordell in Nijmegen mit Luxuszimmern<\/h2>\n<p style=\"text-align: center;\">In unseren beiden denkmalgesch\u00fctzten Geb\u00e4uden bieten wir hervorragende Fensterfl\u00e4chen. In beiden H\u00e4usern gibt es auch eine begehbare Arkade, in der die Besucherinnen und Besucher auf der Suche nach ihrer Traumfrau spazieren gehen k\u00f6nnen. Unser Bordell in Nijmegen besteht aus mehreren Etagen mit mehreren stimmungsvollen, luxuri\u00f6sen Zimmern. M\u00f6chten Sie erotische Arbeit leisten? Dann k\u00f6nnen Sie bei uns ein Zimmer mieten. Red Light District Nijmegen hat die meisten Zimmer in der Stra\u00dfe, also auch die gr\u00f6\u00dfte Auswahl an Damen.<\/p>\n<p>[\/vc_column_text][\/vc_column][vc_column width=&#8220;1\/2&#8243;][vc_column_text]<\/p>\n<h2 style=\"text-align: center;\">Zwanglose Atmosph\u00e4re<\/h2>\n<p style=\"text-align: center;\">Bei uns finden Sie eine freundliche, ungezwungene Atmosph\u00e4re vor. Mieten Sie ein Zimmer in unserem Bordell in Nijmegen und setzen Sie Ihre eigenen Grenzen in Bezug auf sexuelle Dienstleistungen, Arbeitszeiten und m\u00f6gliche Ablehnung von Kunden. Sie entscheiden also auch, welche Ma\u00dfnahmen Sie f\u00fcr sinnvoll halten. Es ist uns wichtig, dass unsere Damen mit Respekt behandelt werden. Das Gleiche erwarten wir von unseren G\u00e4sten. Bei uns stehen Sicherheit und Komfort immer an erster Stelle.<\/p>\n<p>[\/vc_column_text][\/vc_column][\/vc_row][vc_row full_width=&#8220;stretch_row&#8220; equal_height=&#8220;yes&#8220; content_placement=&#8220;middle&#8220; css=&#8220;.vc_custom_1696590801045{background-image: url(https:\/\/www.redlightdistrictnijmegen.nl\/wp-content\/uploads\/Background_image_wo_blur-scaled.jpg?id=659) !important;}&#8220; el_class=&#8220;bg_blur img-left&#8220;][vc_column width=&#8220;1\/2&#8243;][vc_single_image image=&#8220;798&#8243; img_size=&#8220;full&#8220; css=&#8220;.vc_custom_1696793026959{margin-right: 0px !important;margin-left: 0px !important;padding-right: 0px !important;padding-left: 0px !important;}&#8220;][\/vc_column][vc_column width=&#8220;1\/2&#8243;][vc_column_text]<\/p>\n<h2>Bester Standort f\u00fcr Damen des Vergn\u00fcgens<\/h2>\n<p>Unser Bordell in Nijmegen hat eine hervorragende Lage. Sie finden unsere denkmalgesch\u00fctzten Geb\u00e4ude in einem ruhigen Viertel am Neuen Markt. Der bekannte Kronenburgerpark ist in der N\u00e4he. Vom Hauptbahnhof Nijmegen sind es 10 Minuten zu Fu\u00df bis zu unserem Bordell. Auch Parkpl\u00e4tze sind direkt vor der T\u00fcr vorhanden.<br \/>\n[\/vc_column_text][\/vc_column][\/vc_row][vc_row full_width=&#8220;stretch_row&#8220; equal_height=&#8220;yes&#8220; content_placement=&#8220;middle&#8220; css=&#8220;.vc_custom_1697109783283{background-image: url(https:\/\/www.redlightdistrictnijmegen.nl\/wp-content\/uploads\/bg_image-blur-flipped-scaled.jpg?id=969) !important;}&#8220;][vc_column][vc_column_text]<\/p>\n<h2 style=\"text-align: center;\">M\u00f6chten Sie ein Zimmer in unserem Bordell in Nijmegen mieten?<\/h2>\n<p style=\"text-align: center;\">Wenn Sie ein Zimmer in unserem Bordell in Nijmegen mieten, profitieren Sie von verschiedenen Einrichtungen. So bieten wir Ihnen alles, was Sie f\u00fcr eine sichere, hygienische und angenehme Arbeit ben\u00f6tigen. Sicherheit und eine K\u00fcche sind in unseren R\u00e4umlichkeiten vorhanden. Au\u00dferdem bieten wir Ihnen einen sauberen Raum, gute sanit\u00e4re Einrichtungen und mehr. W\u00e4hlen Sie aus unseren 25 stimmungsvollen und luxuri\u00f6sen Zimmern und mieten Sie ein Zimmer, das zu Ihnen passt. Wir bieten Ihnen eine Vielzahl von Aktivit\u00e4ten, aber Sie bestimmen Ihren Kundenkreis. Schlie\u00dflich m\u00fcssen Sie nie etwas tun, was Sie nicht wollen! Das Rotlichtviertel Nijmegen ist 7 Tage die Woche von 09:00 bis 03:00 Uhr ge\u00f6ffnet. Es gibt also reichlich Gelegenheit zu arbeiten, nat\u00fcrlich dann, wenn man es m\u00f6chte.<\/p>\n<h2 style=\"text-align: center;\">Kontakt aufnehmen<\/h2>\n<p style=\"text-align: center;\"><a href=\"https:\/\/www.redlightdistrictnijmegen.nl\/de\/zimmervermietung\/\">M\u00f6chten Sie sofort ein Zimmer in einem Bordell in Nijmegen mieten?<\/a> Oder sind Sie neugierig auf deren Konditionen und Preise? Wenn ja, k\u00f6nnen Sie sich gerne an uns wenden. F\u00fcllen Sie das Kontaktformular aus oder senden Sie eine Nachricht per WhatsApp.<\/p>\n<p>[\/vc_column_text][\/vc_column][\/vc_row]<\/p>\n<\/div>","protected":false},"excerpt":{"rendered":"<p>[vc_row full_width=&#8220;stretch_row&#8220; equal_height=&#8220;yes&#8220; content_placement=&#8220;middle&#8220; css=&#8220;.vc_custom_1696590801045{background-image: url(https:\/\/www.redlightdistrictnijmegen.nl\/wp-content\/uploads\/Background_image_wo_blur-scaled.jpg?id=659) !important;}&#8220; el_class=&#8220;bg_blur img-left&#8220;][vc_column width=&#8220;1\/2&#8243;][vc_single_image image=&#8220;833&#8243; img_size=&#8220;full&#8220; css=&#8220;.vc_custom_1698221991306{margin-right: 0px !important;margin-left: 0px !important;padding-right: 0px !important;padding-left: 0px&#8230;<\/p>\n","protected":false},"author":1,"featured_media":0,"parent":0,"menu_order":0,"comment_status":"closed","ping_status":"closed","template":"","meta":{"_acf_changed":false,"inline_featured_image":false,"footnotes":""},"class_list":["post-1220","page","type-page","status-publish","hentry"],"acf":[],"_links":{"self":[{"href":"https:\/\/www.redlightdistrictnijmegen.nl\/de\/wp-json\/wp\/v2\/pages\/1220","targetHints":{"allow":["GET"]}}],"collection":[{"href":"https:\/\/www.redlightdistrictnijmegen.nl\/de\/wp-json\/wp\/v2\/pages"}],"about":[{"href":"https:\/\/www.redlightdistrictnijmegen.nl\/de\/wp-json\/wp\/v2\/types\/page"}],"author":[{"embeddable":true,"href":"https:\/\/www.redlightdistrictnijmegen.nl\/de\/wp-json\/wp\/v2\/users\/1"}],"replies":[{"embeddable":true,"href":"https:\/\/www.redlightdistrictnijmegen.nl\/de\/wp-json\/wp\/v2\/comments?post=1220"}],"version-history":[{"count":0,"href":"https:\/\/www.redlightdistrictnijmegen.nl\/de\/wp-json\/wp\/v2\/pages\/1220\/revisions"}],"wp:attachment":[{"href":"https:\/\/www.redlightdistrictnijmegen.nl\/de\/wp-json\/wp\/v2\/media?parent=1220"}],"curies":[{"name":"wp","href":"https:\/\/api.w.org\/{rel}","templated":true}]}}