{"id":1350,"date":"2023-10-12T11:01:34","date_gmt":"2023-10-12T09:01:34","guid":{"rendered":"https:\/\/www.redlightdistrictnijmegen.nl\/nijmegen-huren\/"},"modified":"2023-10-26T10:07:21","modified_gmt":"2023-10-26T08:07:21","slug":"nijmegen-huren","status":"publish","type":"page","link":"https:\/\/www.redlightdistrictnijmegen.nl\/de\/nijmegen-huren\/","title":{"rendered":"Nijmegen Huren"},"content":{"rendered":"<div class=\"wpb-content-wrapper\"><p>[vc_row el_class=&#8220;usp_row&#8220;][vc_column][vc_column_text]<\/p>\n<h5 style=\"text-align: center;\">WARUM W\u00c4HLEN<\/h5>\n<h2 style=\"text-align: center;\">Rotlichtviertel Nijmegen<\/h2>\n<p>[\/vc_column_text][vc_row_inner][vc_column_inner width=&#8220;1\/4&#8243;][vc_single_image image=&#8220;783&#8243; img_size=&#8220;full&#8220; title=&#8220;Gem\u00fctliche und lockere Atmosph\u00e4re&#8220;][\/vc_column_inner][vc_column_inner width=&#8220;1\/4&#8243;][vc_single_image image=&#8220;918&#8243; img_size=&#8220;full&#8220; title=&#8220;25 attraktive und luxuri\u00f6se Zimmer&#8220;][\/vc_column_inner][vc_column_inner width=&#8220;1\/4&#8243;][vc_single_image image=&#8220;838&#8243; img_size=&#8220;full&#8220; title=&#8220;Diskret und anonym&#8220;][\/vc_column_inner][vc_column_inner width=&#8220;1\/4&#8243;][vc_single_image image=&#8220;863&#8243; img_size=&#8220;full&#8220; title=&#8220;Ausreichend Parkpl\u00e4tze&#8220;][\/vc_column_inner][\/vc_row_inner][\/vc_column][\/vc_row][vc_row full_width=&#8220;stretch_row&#8220; equal_height=&#8220;yes&#8220; content_placement=&#8220;middle&#8220; css=&#8220;.vc_custom_1696590801045{background-image: url(https:\/\/www.redlightdistrictnijmegen.nl\/wp-content\/uploads\/Background_image_wo_blur-scaled.jpg?id=659) !important;}&#8220; el_class=&#8220;bg_blur img-left&#8220;][vc_column width=&#8220;1\/2&#8243;][vc_single_image image=&#8220;908&#8243; img_size=&#8220;full&#8220; css=&#8220;.vc_custom_1696937214313{margin-right: 0px !important;margin-left: 0px !important;padding-right: 0px !important;padding-left: 0px !important;}&#8220;][\/vc_column][vc_column width=&#8220;1\/2&#8243;][vc_column_text]<\/p>\n<h2>Warum das Rotlichtviertel in Nijmegen?<\/h2>\n<p>W\u00fcrden Sie gerne die Gesellschaft einer sexy Dame genie\u00dfen? Und suchen Sie eine unanst\u00e4ndige Adresse in Nijmegen? Dann besuche die Nijmegen Nutten des Rotlichtviertels in Nijmegen! Hier k\u00f6nnen Sie sich von verschiedenen frechen Damen verw\u00f6hnen lassen, die f\u00fcr ein erotisches Erlebnis sorgen, das Sie so schnell nicht vergessen werden. Kommen Sie vorbei und genie\u00dfen Sie die folgenden Vorteile:<\/p>\n<ul>\n<li>Ge\u00f6ffnet 7 Tage die Woche (09:00-03:00)<\/li>\n<li>Gem\u00fctliche und lockere Atmosph\u00e4re<\/li>\n<li>25 attraktive und luxuri\u00f6se Zimmer<\/li>\n<li>Parken vor der T\u00fcr<\/li>\n<li>Diskret und sicher<\/li>\n<\/ul>\n<p>[\/vc_column_text][\/vc_column][\/vc_row][vc_row full_width=&#8220;stretch_row&#8220; equal_height=&#8220;yes&#8220; content_placement=&#8220;middle&#8220; css=&#8220;.vc_custom_1697097716379{background-image: url(https:\/\/www.redlightdistrictnijmegen.nl\/wp-content\/uploads\/bg_image-blur-flipped-scaled.jpg?id=969) !important;}&#8220;][vc_column][vc_column_text]<\/p>\n<h2>Unsere unanst\u00e4ndigen Damen<\/h2>\n<p>Im Rotlichtviertel finden Sie die unanst\u00e4ndigsten Huren von Nimwegen, die Sie gerne verw\u00f6hnen werden. Wir haben Damen verschiedener Nationalit\u00e4ten. Jede Dame hat ihre eigene Spezialit\u00e4t und ihren eigenen unanst\u00e4ndigen Service. Die Dame bestimmt selbst ihre Grenzen in Bezug auf ihre sexuellen Dienstleistungen, die Arbeitszeiten und die Ablehnung von Kunden, wenn n\u00f6tig. Wir erwarten von unseren G\u00e4sten, dass sie unsere Damen mit Respekt behandeln. Unsere Damen bieten Ihnen im Gegenzug ein gutes erotisches Date.<br \/>\n[\/vc_column_text][\/vc_column][\/vc_row][vc_row full_width=&#8220;stretch_row&#8220; equal_height=&#8220;yes&#8220; content_placement=&#8220;middle&#8220; css=&#8220;.vc_custom_1696590801045{background-image: url(https:\/\/www.redlightdistrictnijmegen.nl\/wp-content\/uploads\/Background_image_wo_blur-scaled.jpg?id=659) !important;}&#8220; el_class=&#8220;bg_blur img-left&#8220;][vc_column width=&#8220;1\/2&#8243;][vc_single_image image=&#8220;783&#8243; img_size=&#8220;full&#8220; css=&#8220;.vc_custom_1697099574885{margin-right: 0px !important;margin-left: 0px !important;padding-right: 0px !important;padding-left: 0px !important;}&#8220;][\/vc_column][vc_column width=&#8220;1\/2&#8243;][vc_column_text]<\/p>\n<h2>Kosten Sex Club Nijmegen<\/h2>\n<p>Was kostet ein Besuch in unserem Sexclub in Nijmegen? Das h\u00e4ngt nat\u00fcrlich von Ihren Anforderungen ab. Sie zahlen 50 \u20ac als Eintrittsgeb\u00fchr f\u00fcr 15 Minuten. Die Damen entscheiden danach \u00fcber das Budget mit allen Anforderungen usw.[\/vc_column_text][\/vc_column][\/vc_row][vc_row full_width=&#8220;stretch_row_content_no_spaces&#8220; el_id=&#8220;google_maps_row&#8220;][vc_column][vc_column_text el_class=&#8220;google_maps_title&#8220;]<\/p>\n<h5 style=\"text-align: center;\">UNSER STANDORT<\/h5>\n<h2 style=\"text-align: center;\">Sinnlich &amp; intim<\/h2>\n<p>[\/vc_column_text][vc_gmaps link=&#8220;#E-8_JTIwJTIwJTNDaWZyYW1lJTIwc3JjJTNEJTIyaHR0cHMlM0ElMkYlMkZ3d3cuZ29vZ2xlLmNvbSUyRm1hcHMlMkZlbWJlZCUzRnBiJTNEJTIxMW0xOCUyMTFtMTIlMjExbTMlMjExZDI0NjQuNjU5OTM5NDkzMTkxJTIxMmQ1Ljg1NDg2ODI3NzYxOTA3MSUyMTNkNTEuODQ4OTA1OTg1Njk2NjQlMjEybTMlMjExZjAlMjEyZjAlMjEzZjAlMjEzbTIlMjExaTEwMjQlMjEyaTc2OCUyMTRmMTMuMSUyMTNtMyUyMTFtMiUyMTFzMHg0N2M3MDg0MjA1YzQ4Y2ExJTI1M0EweDIyNzYzZDM4YzQxOGJjYmElMjEyc05pZXV3ZSUyNTIwTWFya3QlMjUyMDI0JTI1MkMlMjUyMDY1MTElMjUyMFhLJTI1MjBOaWptZWdlbiUyMTVlMCUyMTNtMiUyMTFzZW4lMjEyc25sJTIxNHYxNjk2ODU4MDkwMjY4JTIxNW0yJTIxMXNlbiUyMTJzbmwlMjIlMjB3aWR0aCUzRCUyMjEwMCUyNSUyMiUyMGhlaWdodCUzRCUyMjQwMCUyMiUyMHN0eWxlJTNEJTIyYm9yZGVyJTNBMCUzQiUyMiUyMGFsbG93ZnVsbHNjcmVlbiUzRCUyMiUyMiUyMGxvYWRpbmclM0QlMjJsYXp5JTIyJTIwcmVmZXJyZXJwb2xpY3klM0QlMjJuby1yZWZlcnJlci13aGVuLWRvd25ncmFkZSUyMiUzRSUzQyUyRmlmcmFtZSUzRQ==&#8220;][\/vc_column][\/vc_row][vc_row full_width=&#8220;stretch_row&#8220; equal_height=&#8220;yes&#8220; content_placement=&#8220;middle&#8220; el_class=&#8220;bg_blur mirror img-right&#8220; css=&#8220;.vc_custom_1696590793055{background-image: url(https:\/\/www.redlightdistrictnijmegen.nl\/wp-content\/uploads\/bg_image-blur-flipped-scaled.jpg?id=969) !important;}&#8220;][vc_column width=&#8220;1\/2&#8243;][vc_column_text]<\/p>\n<h5>BESTER STANDORT<\/h5>\n<h2>Beste Lage f\u00fcr ein erotisches Erlebnis mit Nijmegen Nutten<\/h2>\n<p>Bei den Nijmegen Nutten kommen Leidenschaft, Aufregung und Vergn\u00fcgen zusammen. Unsere Damen werden Ihre wildesten Fantasien wahr werden lassen, damit Sie eine aufregende, erotische und vielleicht sogar perverse Zeit in Nijmegen genie\u00dfen k\u00f6nnen. Wir haben 7 Tage in der Woche ge\u00f6ffnet. Sie finden unsere R\u00e4umlichkeiten in ruhiger Nachbarschaft, direkt neben dem bekannten Kronenburgerpark, am Neuen Markt. Vom Hauptbahnhof Nijmegen sind es etwa 10 Minuten zu Fu\u00df, aber Parkpl\u00e4tze gibt es direkt vor der T\u00fcr. Komm vorbei und genie\u00dfe unsere versauten Nijmegen Nutten exklusiv.<br \/>\n[\/vc_column_text][\/vc_column][vc_column width=&#8220;1\/2&#8243;][vc_single_image image=&#8220;843&#8243; img_size=&#8220;full&#8220; css=&#8220;.vc_custom_1696937265058{margin-right: 0px !important;margin-left: 0px !important;padding-right: 0px !important;padding-left: 0px !important;}&#8220;][\/vc_column][\/vc_row][vc_row full_width=&#8220;stretch_row&#8220; equal_height=&#8220;yes&#8220; content_placement=&#8220;middle&#8220; css=&#8220;.vc_custom_1697097716379{background-image: url(https:\/\/www.redlightdistrictnijmegen.nl\/wp-content\/uploads\/bg_image-blur-flipped-scaled.jpg?id=969) !important;}&#8220;][vc_column]            <video id=\"dynamicBackgroundVideo\" autoplay loop muted playsinline class=\"background-video\" src=\"\/wp-content\/uploads\/video-bg-desktop-thin.mp4\"><\/video>\n            <script>\n                jQuery(document).ready(function($) {\n                    var windowWidth = $(window).width();\n                    var videoElement = $('#dynamicBackgroundVideo');\n                    if (windowWidth <= 991) {\n                        videoElement.attr('src', '\/wp-content\/uploads\/video-bg-mobile.mp4');\n                    }\n\n                    $(window).resize(function() {\n                        windowWidth = $(window).width();\n                        if (windowWidth <= 991) {\n                            videoElement.attr('src', '\/wp-content\/uploads\/video-bg-mobile.mp4');\n                        } else {\n                            videoElement.attr('src', '\/wp-content\/uploads\/video-bg-desktop-thin.mp4');\n                        }\n                    });\n                });\n            <\/script>\n            [vc_column_text]<\/p>\n<h2 style=\"text-align: center;\">Kontakt aufnehmen<\/h2>\n<p style=\"text-align: center;\">M\u00f6chten Sie mehr Informationen \u00fcber unseren Sexclub in Nijmegen? Oder haben Sie andere Fragen? Dann melde dich bei uns oder schicke uns eine Nachricht per WhatsApp.<\/p>\n<p>[\/vc_column_text][\/vc_column][\/vc_row]<\/p>\n<\/div>","protected":false},"excerpt":{"rendered":"<p>[vc_row el_class=&#8220;usp_row&#8220;][vc_column][vc_column_text] WARUM W\u00c4HLEN Rotlichtviertel Nijmegen [\/vc_column_text][vc_row_inner][vc_column_inner width=&#8220;1\/4&#8243;][vc_single_image image=&#8220;783&#8243; img_size=&#8220;full&#8220; title=&#8220;Gem\u00fctliche und lockere Atmosph\u00e4re&#8220;][\/vc_column_inner][vc_column_inner width=&#8220;1\/4&#8243;][vc_single_image image=&#8220;918&#8243; img_size=&#8220;full&#8220; title=&#8220;25 attraktive und&#8230;<\/p>\n","protected":false},"author":1,"featured_media":0,"parent":0,"menu_order":0,"comment_status":"closed","ping_status":"closed","template":"","meta":{"_acf_changed":false,"inline_featured_image":false,"footnotes":""},"class_list":["post-1350","page","type-page","status-publish","hentry"],"acf":[],"_links":{"self":[{"href":"https:\/\/www.redlightdistrictnijmegen.nl\/de\/wp-json\/wp\/v2\/pages\/1350","targetHints":{"allow":["GET"]}}],"collection":[{"href":"https:\/\/www.redlightdistrictnijmegen.nl\/de\/wp-json\/wp\/v2\/pages"}],"about":[{"href":"https:\/\/www.redlightdistrictnijmegen.nl\/de\/wp-json\/wp\/v2\/types\/page"}],"author":[{"embeddable":true,"href":"https:\/\/www.redlightdistrictnijmegen.nl\/de\/wp-json\/wp\/v2\/users\/1"}],"replies":[{"embeddable":true,"href":"https:\/\/www.redlightdistrictnijmegen.nl\/de\/wp-json\/wp\/v2\/comments?post=1350"}],"version-history":[{"count":0,"href":"https:\/\/www.redlightdistrictnijmegen.nl\/de\/wp-json\/wp\/v2\/pages\/1350\/revisions"}],"wp:attachment":[{"href":"https:\/\/www.redlightdistrictnijmegen.nl\/de\/wp-json\/wp\/v2\/media?parent=1350"}],"curies":[{"name":"wp","href":"https:\/\/api.w.org\/{rel}","templated":true}]}}