{"id":1432,"date":"2022-01-31T16:51:35","date_gmt":"2022-01-31T14:51:35","guid":{"rendered":"https:\/\/www.redlightdistrictnijmegen.nl\/homepage\/"},"modified":"2023-10-25T12:05:29","modified_gmt":"2023-10-25T10:05:29","slug":"homepage","status":"publish","type":"page","link":"https:\/\/www.redlightdistrictnijmegen.nl\/de\/","title":{"rendered":"Homepage"},"content":{"rendered":"<div class=\"wpb-content-wrapper\"><p>[vc_row full_width=&#8220;stretch_row_content&#8220; el_class=&#8220;video_bg_row&#8220;][vc_column]            <video id=\"dynamicBackgroundVideo\" autoplay loop muted playsinline class=\"background-video\" src=\"\/wp-content\/uploads\/video-bg-desktop-thin.mp4\"><\/video>\n            <script>\n                jQuery(document).ready(function($) {\n                    var windowWidth = $(window).width();\n                    var videoElement = $('#dynamicBackgroundVideo');\n                    if (windowWidth <= 991) {\n                        videoElement.attr('src', '\/wp-content\/uploads\/video-bg-mobile.mp4');\n                    }\n\n                    $(window).resize(function() {\n                        windowWidth = $(window).width();\n                        if (windowWidth <= 991) {\n                            videoElement.attr('src', '\/wp-content\/uploads\/video-bg-mobile.mp4');\n                        } else {\n                            videoElement.attr('src', '\/wp-content\/uploads\/video-bg-desktop-thin.mp4');\n                        }\n                    });\n                });\n            <\/script>\n            [vc_column_text]<\/p>\n<h5 style=\"text-align: center;\">BEI UNS FINDEN SIE<\/h5>\n<h2 style=\"text-align: center;\">Die sch\u00f6nsten Frauen<\/h2>\n<p style=\"text-align: center;\">Mehrere freche Damen verschiedener Nationalit\u00e4ten sind bei uns 7 Tage in der Woche anwesend. Jede Dame hat ihre eigene Spezialit\u00e4t und ihren eigenen unanst\u00e4ndigen Service. Die Damen verw\u00f6hnen Sie gerne in einem der stimmungsvollen Zimmer.<\/p>\n<p>[\/vc_column_text][\/vc_column][\/vc_row][vc_row full_width=&#8220;stretch_row&#8220; equal_height=&#8220;yes&#8220; content_placement=&#8220;middle&#8220; el_class=&#8220;bg_blur mirror img-right&#8220; css=&#8220;.vc_custom_1696590793055{background-image: url(https:\/\/www.redlightdistrictnijmegen.nl\/wp-content\/uploads\/bg_image-blur-flipped-scaled.jpg?id=969) !important;}&#8220;][vc_column width=&#8220;1\/2&#8243;][vc_column_text]<\/p>\n<h5>BESTER STANDORT<\/h5>\n<h2>Mitten im Zentrum<\/h2>\n<p>Die begehbaren Innenstudios von Red Light Nijmegen befinden sich in einem ruhigen Viertel neben dem bekannten Kronenburgerpark, nur 10 Gehminuten vom Hauptbahnhof Nijmegen entfernt. Z\u00f6gere nicht und besuche die s<a title=\"Prostituierte Nijmegen\" href=\"https:\/\/www.redlightdistrictnijmegen.nl\/de\/prostituierte-nijmegen\/\">ch\u00f6nsten Nutten aus Nijmegen<\/a>![\/vc_column_text][vc_btn title=&#8220;Unser Standort&#8220; el_class=&#8220;target&#8220; link=&#8220;url:%23google_maps_row&#8220;][\/vc_column][vc_column width=&#8220;1\/2&#8243;][vc_single_image image=&#8220;803&#8243; img_size=&#8220;full&#8220; css=&#8220;.vc_custom_1696577046537{margin-right: 0px !important;margin-left: 0px !important;padding-right: 0px !important;padding-left: 0px !important;}&#8220;][\/vc_column][\/vc_row][vc_row el_class=&#8220;usp_row&#8220;][vc_column][vc_column_text]<\/p>\n<h5 style=\"text-align: center;\">WARUM W\u00c4HLEN<\/h5>\n<h2 style=\"text-align: center;\">Rotlichtviertel Nijmegen<\/h2>\n<p>[\/vc_column_text][vc_row_inner][vc_column_inner width=&#8220;1\/4&#8243;][vc_single_image image=&#8220;783&#8243; img_size=&#8220;full&#8220; title=&#8220;Gem\u00fctliche und lockere Atmosph\u00e4re&#8220;][\/vc_column_inner][vc_column_inner width=&#8220;1\/4&#8243;][vc_single_image image=&#8220;918&#8243; img_size=&#8220;full&#8220; title=&#8220;25 attraktive und luxuri\u00f6se Zimmer&#8220;][\/vc_column_inner][vc_column_inner width=&#8220;1\/4&#8243;][vc_single_image image=&#8220;838&#8243; img_size=&#8220;full&#8220; title=&#8220;Diskret und anonym&#8220;][\/vc_column_inner][vc_column_inner width=&#8220;1\/4&#8243;][vc_single_image image=&#8220;863&#8243; img_size=&#8220;full&#8220; title=&#8220;Ausreichend Parkpl\u00e4tze&#8220;][\/vc_column_inner][\/vc_row_inner][\/vc_column][\/vc_row][vc_row full_width=&#8220;stretch_row&#8220; equal_height=&#8220;yes&#8220; content_placement=&#8220;middle&#8220; css=&#8220;.vc_custom_1696590801045{background-image: url(https:\/\/www.redlightdistrictnijmegen.nl\/wp-content\/uploads\/Background_image_wo_blur-scaled.jpg?id=659) !important;}&#8220; el_class=&#8220;bg_blur img-left&#8220;][vc_column width=&#8220;1\/2&#8243;][vc_single_image image=&#8220;858&#8243; img_size=&#8220;full&#8220; css=&#8220;.vc_custom_1697788328339{margin-right: 0px !important;margin-left: 0px !important;padding-right: 0px !important;padding-left: 0px !important;}&#8220;][\/vc_column][vc_column width=&#8220;1\/2&#8243;][vc_column_text]<\/p>\n<h5>RATEN<\/h5>\n<h2>Die sch\u00f6nsten Nutten in Nijmegen genie\u00dfen<\/h2>\n<p>Redlight District Nijmegen bietet die sch\u00f6nsten Frauen aus Nijmegen und Umgebung. Unsere Damen lieben es, Sie zu verw\u00f6hnen und Ihnen mehr als nur ein gutes Preis-Leistungs-Verh\u00e4ltnis zu bieten. So sorgen unsere Damen daf\u00fcr, dass Sie immer mit einem guten Gef\u00fchl nach Hause gehen. Z\u00f6gern Sie nicht, kommen Sie mit und lassen Sie all Ihre Fantasien wahr werden.[\/vc_column_text][vc_column_text el_class=&#8220;white_hyperlink&#8220;]<a href=\"\/#\">Preis ab 50 \u20ac pro 20 Minuten<\/a>[\/vc_column_text][\/vc_column][\/vc_row][vc_row full_width=&#8220;stretch_row_content_no_spaces&#8220; el_id=&#8220;google_maps_row&#8220;][vc_column][vc_gmaps link=&#8220;#E-8_JTIwJTIwJTNDaWZyYW1lJTIwc3JjJTNEJTIyaHR0cHMlM0ElMkYlMkZ3d3cuZ29vZ2xlLmNvbSUyRm1hcHMlMkZlbWJlZCUzRnBiJTNEJTIxMW0xOCUyMTFtMTIlMjExbTMlMjExZDI0NjQuNjU5OTM5NDkzMTkxJTIxMmQ1Ljg1NDg2ODI3NzYxOTA3MSUyMTNkNTEuODQ4OTA1OTg1Njk2NjQlMjEybTMlMjExZjAlMjEyZjAlMjEzZjAlMjEzbTIlMjExaTEwMjQlMjEyaTc2OCUyMTRmMTMuMSUyMTNtMyUyMTFtMiUyMTFzMHg0N2M3MDg0MjA1YzQ4Y2ExJTI1M0EweDIyNzYzZDM4YzQxOGJjYmElMjEyc05pZXV3ZSUyNTIwTWFya3QlMjUyMDI0JTI1MkMlMjUyMDY1MTElMjUyMFhLJTI1MjBOaWptZWdlbiUyMTVlMCUyMTNtMiUyMTFzZW4lMjEyc25sJTIxNHYxNjk2ODU4MDkwMjY4JTIxNW0yJTIxMXNlbiUyMTJzbmwlMjIlMjB3aWR0aCUzRCUyMjEwMCUyNSUyMiUyMGhlaWdodCUzRCUyMjYwMCUyMiUyMHN0eWxlJTNEJTIyYm9yZGVyJTNBMCUzQiUyMiUyMGFsbG93ZnVsbHNjcmVlbiUzRCUyMiUyMiUyMGxvYWRpbmclM0QlMjJsYXp5JTIyJTIwcmVmZXJyZXJwb2xpY3klM0QlMjJuby1yZWZlcnJlci13aGVuLWRvd25ncmFkZSUyMiUzRSUzQyUyRmlmcmFtZSUzRQ==&#8220;][\/vc_column][\/vc_row]<\/p>\n<\/div>","protected":false},"excerpt":{"rendered":"<p>[vc_row full_width=&#8220;stretch_row_content&#8220; el_class=&#8220;video_bg_row&#8220;][vc_column][vc_column_text] BEI UNS FINDEN SIE Die sch\u00f6nsten Frauen Mehrere freche Damen verschiedener Nationalit\u00e4ten sind bei uns 7 Tage&#8230;<\/p>\n","protected":false},"author":1,"featured_media":0,"parent":0,"menu_order":0,"comment_status":"closed","ping_status":"closed","template":"","meta":{"_acf_changed":false,"inline_featured_image":false,"footnotes":""},"class_list":["post-1432","page","type-page","status-publish","hentry"],"acf":[],"_links":{"self":[{"href":"https:\/\/www.redlightdistrictnijmegen.nl\/de\/wp-json\/wp\/v2\/pages\/1432","targetHints":{"allow":["GET"]}}],"collection":[{"href":"https:\/\/www.redlightdistrictnijmegen.nl\/de\/wp-json\/wp\/v2\/pages"}],"about":[{"href":"https:\/\/www.redlightdistrictnijmegen.nl\/de\/wp-json\/wp\/v2\/types\/page"}],"author":[{"embeddable":true,"href":"https:\/\/www.redlightdistrictnijmegen.nl\/de\/wp-json\/wp\/v2\/users\/1"}],"replies":[{"embeddable":true,"href":"https:\/\/www.redlightdistrictnijmegen.nl\/de\/wp-json\/wp\/v2\/comments?post=1432"}],"version-history":[{"count":0,"href":"https:\/\/www.redlightdistrictnijmegen.nl\/de\/wp-json\/wp\/v2\/pages\/1432\/revisions"}],"wp:attachment":[{"href":"https:\/\/www.redlightdistrictnijmegen.nl\/de\/wp-json\/wp\/v2\/media?parent=1432"}],"curies":[{"name":"wp","href":"https:\/\/api.w.org\/{rel}","templated":true}]}}