{"id":1184,"date":"2023-10-12T13:29:34","date_gmt":"2023-10-12T11:29:34","guid":{"rendered":"https:\/\/www.redlightdistrictnijmegen.nl\/burdel-paises-bajos\/"},"modified":"2023-10-26T13:24:42","modified_gmt":"2023-10-26T11:24:42","slug":"burdel-paises-holanda","status":"publish","type":"page","link":"https:\/\/www.redlightdistrictnijmegen.nl\/es\/burdel-paises-holanda\/","title":{"rendered":"Burdel Pa\u00edses Bajos"},"content":{"rendered":"<div class=\"wpb-content-wrapper\"><p>[vc_row full_width=\u00bbstretch_row\u00bb equal_height=\u00bbyes\u00bb content_placement=\u00bbmiddle\u00bb css=\u00bb.vc_custom_1696590801045{background-image: url(https:\/\/www.redlightdistrictnijmegen.nl\/wp-content\/uploads\/Background_image_wo_blur-scaled.jpg?id=659) !important;}\u00bb el_class=\u00bbbg_blur img-left\u00bb][vc_column width=\u00bb1\/2&#8243;][vc_single_image image=\u00bb800&#8243; img_size=\u00bbfull\u00bb css=\u00bb.vc_custom_1696793026959{margin-right: 0px !important;margin-left: 0px !important;padding-right: 0px !important;padding-left: 0px !important;}\u00bb][\/vc_column][vc_column width=\u00bb1\/2&#8243;][vc_column_text]<\/p>\n<h2>\u00bfPor qu\u00e9 alquilar una habitaci\u00f3n en el burdel Barrio Rojo de Nijmegen?<\/h2>\n<p>\u00bfBuscas una habitaci\u00f3n en un burdel en Holanda? En Red Light District Nijmegen, alquilas una habitaci\u00f3n en la bulliciosa Nijmegen. Elija una habitaci\u00f3n en uno de los dos lujosos locales con hermosos ventanales, donde encontrar\u00e1 muchas habitaciones con ambiente para realizar trabajos er\u00f3ticos. Los visitantes pueden contactar concretamente con usted aqu\u00ed. En \u00faltima instancia, t\u00fa siempre decides lo que haces y con qui\u00e9n. Y cuando lo haga, ya que puede fijar su propio horario de trabajo. Las ventajas de alquilar una habitaci\u00f3n en el Barrio Rojo de Nijmegen son:<\/p>\n<ul>\n<li>T\u00fa decides tu horario de trabajo<\/li>\n<li>Decide qu\u00e9 quieres y con qui\u00e9n<\/li>\n<li>Cocina disponible<\/li>\n<li>Seguridad presente<\/li>\n<li>Muchas instalaciones<\/li>\n<li>Ambiente acogedor e informal<\/li>\n<li>25 atractivas y lujosas habitaciones<\/li>\n<li>Aparcamiento delante de la puerta<\/li>\n<\/ul>\n<p>[\/vc_column_text][\/vc_column][\/vc_row][vc_row full_width=\u00bbstretch_row\u00bb equal_height=\u00bbyes\u00bb content_placement=\u00bbmiddle\u00bb el_class=\u00bbbg_blur mirror img-right\u00bb css=\u00bb.vc_custom_1696590793055{background-image: url(https:\/\/www.redlightdistrictnijmegen.nl\/wp-content\/uploads\/bg_image-blur-flipped-scaled.jpg?id=969) !important;}\u00bb][vc_column width=\u00bb1\/2&#8243;][vc_column_text]<\/p>\n<h2>Le ofrecemos el lugar de trabajo ideal en los Pa\u00edses Bajos<\/h2>\n<p>Somos un burdel en Holanda donde t\u00fa decides qu\u00e9 quieres hacer y con qui\u00e9n. T\u00fa tambi\u00e9n decides cu\u00e1ndo trabajas. Porque con nosotros tiene libertad para elegir su horario de trabajo. Entonces, \u00bfte gustar\u00eda ganar un buen dinero en los d\u00edas y horas que quieras, pudiendo tomar tus propias decisiones sobre lo que haces y lo que no? \u00bfY con qui\u00e9n? Entonces le ofrecemos el lugar de trabajo ideal. Alquile una habitaci\u00f3n con nosotros para realizar trabajos er\u00f3ticos en un ambiente de primera lleno de convivencia.<br \/>\n[\/vc_column_text][\/vc_column][vc_column width=\u00bb1\/2&#8243;][vc_single_image image=\u00bb830&#8243; img_size=\u00bbfull\u00bb css=\u00bb.vc_custom_1696793045901{margin-right: 0px !important;margin-left: 0px !important;padding-right: 0px !important;padding-left: 0px !important;}\u00bb][\/vc_column][\/vc_row][vc_row full_width=\u00bbstretch_row_content\u00bb el_class=\u00bbcontact_form_1&#8243;][vc_column width=\u00bb1\/2&#8243;]<script type=\"text\/javascript\">\n\/* <![CDATA[ *\/\nvar gform;gform||(document.addEventListener(\"gform_main_scripts_loaded\",function(){gform.scriptsLoaded=!0}),document.addEventListener(\"gform\/theme\/scripts_loaded\",function(){gform.themeScriptsLoaded=!0}),window.addEventListener(\"DOMContentLoaded\",function(){gform.domLoaded=!0}),gform={domLoaded:!1,scriptsLoaded:!1,themeScriptsLoaded:!1,isFormEditor:()=>\"function\"==typeof InitializeEditor,callIfLoaded:function(o){return!(!gform.domLoaded||!gform.scriptsLoaded||!gform.themeScriptsLoaded&&!gform.isFormEditor()||(gform.isFormEditor()&&console.warn(\"The use of gform.initializeOnLoaded() is deprecated in the form editor context and will be removed in Gravity Forms 3.1.\"),o(),0))},initializeOnLoaded:function(o){gform.callIfLoaded(o)||(document.addEventListener(\"gform_main_scripts_loaded\",()=>{gform.scriptsLoaded=!0,gform.callIfLoaded(o)}),document.addEventListener(\"gform\/theme\/scripts_loaded\",()=>{gform.themeScriptsLoaded=!0,gform.callIfLoaded(o)}),window.addEventListener(\"DOMContentLoaded\",()=>{gform.domLoaded=!0,gform.callIfLoaded(o)}))},hooks:{action:{},filter:{}},addAction:function(o,r,e,t){gform.addHook(\"action\",o,r,e,t)},addFilter:function(o,r,e,t){gform.addHook(\"filter\",o,r,e,t)},doAction:function(o){gform.doHook(\"action\",o,arguments)},applyFilters:function(o){return gform.doHook(\"filter\",o,arguments)},removeAction:function(o,r){gform.removeHook(\"action\",o,r)},removeFilter:function(o,r,e){gform.removeHook(\"filter\",o,r,e)},addHook:function(o,r,e,t,n){null==gform.hooks[o][r]&&(gform.hooks[o][r]=[]);var d=gform.hooks[o][r];null==n&&(n=r+\"_\"+d.length),gform.hooks[o][r].push({tag:n,callable:e,priority:t=null==t?10:t})},doHook:function(r,o,e){var t;if(e=Array.prototype.slice.call(e,1),null!=gform.hooks[r][o]&&((o=gform.hooks[r][o]).sort(function(o,r){return o.priority-r.priority}),o.forEach(function(o){\"function\"!=typeof(t=o.callable)&&(t=window[t]),\"action\"==r?t.apply(null,e):e[0]=t.apply(null,e)})),\"filter\"==r)return e[0]},removeHook:function(o,r,t,n){var e;null!=gform.hooks[o][r]&&(e=(e=gform.hooks[o][r]).filter(function(o,r,e){return!!(null!=n&&n!=o.tag||null!=t&&t!=o.priority)}),gform.hooks[o][r]=e)}});\n\/* ]]> *\/\n<\/script>\n\n                <div class='gf_browser_gecko gform_wrapper gravity-theme gform-theme--no-framework' data-form-theme='gravity-theme' data-form-index='0' id='gform_wrapper_1' >\n                        <div class='gform_heading'>\n                            <h2 class=\"gform_title\">Rellene el formulario<\/h2>\n                            <p class='gform_description'>AANMELDING<\/p>\n                        <\/div><form method='post' enctype='multipart\/form-data'  id='gform_1'  action='\/es\/wp-json\/wp\/v2\/pages\/1184' data-formid='1' novalidate>\t\t\t\t\t<div style=\"display: none !important;\" class=\"akismet-fields-container gf_invisible\" data-prefix=\"ak_\">\n\t\t\t\t\t\t<label>&#916;<textarea name=\"ak_hp_textarea\" cols=\"45\" rows=\"8\" maxlength=\"100\"><\/textarea><\/label>\n\t\t\t\t\t\t<input type=\"hidden\" id=\"ak_js_1\" name=\"ak_js\" value=\"10\" \/>\n\t\t\t\t\t\t<script type=\"text\/javascript\">\n\/* <![CDATA[ *\/\ndocument.getElementById( \"ak_js_1\" ).setAttribute( \"value\", ( new Date() ).getTime() );\n\/* ]]> *\/\n<\/script>\n\n\t\t\t\t\t<\/div>\n                        <div class='gform-body gform_body'><div id='gform_fields_1' class='gform_fields top_label form_sublabel_below description_below validation_below'><div id=\"field_1_1\" class=\"gfield gfield--type-text gfield--width-half border_bottom gfield_contains_required field_sublabel_below gfield--no-description field_description_below hidden_label field_validation_below gfield_visibility_visible\"  ><label class='gfield_label gform-field-label' for='input_1_1'>Nombre de pila<span class=\"gfield_required\"><span class=\"gfield_required gfield_required_text\">(Obligatorio)<\/span><\/span><\/label><div class='ginput_container ginput_container_text'><input name='input_1' id='input_1_1' type='text' value='' class='large'    placeholder='Nombre de pila' aria-required=\"true\" aria-invalid=\"false\"   \/><\/div><\/div><div id=\"field_1_3\" class=\"gfield gfield--type-text gfield--width-half border_bottom gfield_contains_required field_sublabel_below gfield--no-description field_description_below hidden_label field_validation_below gfield_visibility_visible\"  ><label class='gfield_label gform-field-label' for='input_1_3'>apellido<span class=\"gfield_required\"><span class=\"gfield_required gfield_required_text\">(Obligatorio)<\/span><\/span><\/label><div class='ginput_container ginput_container_text'><input name='input_3' id='input_1_3' type='text' value='' class='large'    placeholder='apellido' aria-required=\"true\" aria-invalid=\"false\"   \/><\/div><\/div><div id=\"field_1_5\" class=\"gfield gfield--type-phone gfield--width-half border_bottom gfield_contains_required field_sublabel_below gfield--no-description field_description_below hidden_label field_validation_below gfield_visibility_visible\"  ><label class='gfield_label gform-field-label' for='input_1_5'>n\u00famero de tel\u00e9fono<span class=\"gfield_required\"><span class=\"gfield_required gfield_required_text\">(Obligatorio)<\/span><\/span><\/label><div class='ginput_container ginput_container_phone'><input name='input_5' id='input_1_5' type='tel' value='' class='large'  placeholder='n\u00famero de tel\u00e9fono' aria-required=\"true\" aria-invalid=\"false\"   \/><\/div><\/div><div id=\"field_1_4\" class=\"gfield gfield--type-email gfield--width-half border_bottom gfield_contains_required field_sublabel_below gfield--no-description field_description_below hidden_label field_validation_below gfield_visibility_visible\"  ><label class='gfield_label gform-field-label' for='input_1_4'>direcci\u00f3n de correo electr\u00f3nico<span class=\"gfield_required\"><span class=\"gfield_required gfield_required_text\">(Obligatorio)<\/span><\/span><\/label><div class='ginput_container ginput_container_email'>\n                            <input name='input_4' id='input_1_4' type='email' value='' class='large'   placeholder='direcci\u00f3n de correo electr\u00f3nico' aria-required=\"true\" aria-invalid=\"false\"  \/>\n                        <\/div><\/div><div id=\"field_1_8\" class=\"gfield gfield--type-textarea gfield--width-full field_sublabel_below gfield--no-description field_description_below hidden_label field_validation_below gfield_visibility_visible\"  ><label class='gfield_label gform-field-label' for='input_1_8'>Bericht<\/label><div class='ginput_container ginput_container_textarea'><textarea name='input_8' id='input_1_8' class='textarea large'    placeholder='su mensaje'  aria-invalid=\"false\"   rows='10' cols='50'><\/textarea><\/div><\/div><\/div><\/div>\n        <div class='gform-footer gform_footer top_label'> <input type=\"submit\" class=\"gform_button btn btn-primary\" id=\"gform_submit_button_1\" value=\"enviar solicitud\"> \n            <input type='hidden' class='gform_hidden' name='gform_submission_method' data-js='gform_submission_method_1' value='postback' \/>\n            <input type='hidden' class='gform_hidden' name='gform_theme' data-js='gform_theme_1' id='gform_theme_1' value='gravity-theme' \/>\n            <input type='hidden' class='gform_hidden' name='gform_style_settings' data-js='gform_style_settings_1' id='gform_style_settings_1' value='[]' \/>\n            <input type='hidden' class='gform_hidden' name='is_submit_1' value='1' \/>\n            <input type='hidden' class='gform_hidden' name='gform_submit' value='1' \/>\n            \n            <input type='hidden' class='gform_hidden' name='gform_currency' data-currency='EUR' value='znErOkxEwLMUUt\/c\/TEl0+3vKyxBVGFRFj6juc84om2muwbQEz3xQImdjRw+uoI\/fk9pGdd+0ifWpABcWruWngUrNXULe5heXWOFcx86R307L0A=' \/>\n            <input type='hidden' class='gform_hidden' name='gform_unique_id' value='' \/>\n            <input type='hidden' class='gform_hidden' name='state_1' value='WyJbXSIsImUyYTNiNDM5OWZiOThhOGEwZDNjY2U2ZmM2ZmQ4NzU1Il0=' \/>\n            <input type='hidden' autocomplete='off' class='gform_hidden' name='gform_target_page_number_1' id='gform_target_page_number_1' value='0' \/>\n            <input type='hidden' autocomplete='off' class='gform_hidden' name='gform_source_page_number_1' id='gform_source_page_number_1' value='1' \/>\n            <input type='hidden' name='gform_field_values' value='' \/>\n            \n        <\/div>\n                        <\/form>\n                        <\/div><script type=\"text\/javascript\">\n\/* <![CDATA[ *\/\n gform.initializeOnLoaded( function() {gformInitSpinner( 1, 'https:\/\/www.redlightdistrictnijmegen.nl\/wp-content\/plugins\/gravityforms\/images\/spinner.svg', true );jQuery('#gform_ajax_frame_1').on('load',function(){var contents = jQuery(this).contents().find('*').html();var is_postback = contents.indexOf('GF_AJAX_POSTBACK') >= 0;if(!is_postback){return;}var form_content = jQuery(this).contents().find('#gform_wrapper_1');var is_confirmation = jQuery(this).contents().find('#gform_confirmation_wrapper_1').length > 0;var is_redirect = contents.indexOf('gformRedirect(){') >= 0;var is_form = form_content.length > 0 && ! is_redirect && ! is_confirmation;var mt = parseInt(jQuery('html').css('margin-top'), 10) + parseInt(jQuery('body').css('margin-top'), 10) + 100;if(is_form){jQuery('#gform_wrapper_1').html(form_content.html());if(form_content.hasClass('gform_validation_error')){jQuery('#gform_wrapper_1').addClass('gform_validation_error');} else {jQuery('#gform_wrapper_1').removeClass('gform_validation_error');}setTimeout( function() { \/* delay the scroll by 50 milliseconds to fix a bug in chrome *\/  }, 50 );if(window['gformInitDatepicker']) {gformInitDatepicker();}if(window['gformInitPriceFields']) {gformInitPriceFields();}var current_page = jQuery('#gform_source_page_number_1').val();gformInitSpinner( 1, 'https:\/\/www.redlightdistrictnijmegen.nl\/wp-content\/plugins\/gravityforms\/images\/spinner.svg', true );jQuery(document).trigger('gform_page_loaded', [1, current_page]);window['gf_submitting_1'] = false;}else if(!is_redirect){var confirmation_content = jQuery(this).contents().find('.GF_AJAX_POSTBACK').html();if(!confirmation_content){confirmation_content = contents;}jQuery('#gform_wrapper_1').replaceWith(confirmation_content);jQuery(document).trigger('gform_confirmation_loaded', [1]);window['gf_submitting_1'] = false;wp.a11y.speak(jQuery('#gform_confirmation_message_1').text());}else{jQuery('#gform_1').append(contents);if(window['gformRedirect']) {gformRedirect();}}jQuery(document).trigger(\"gform_pre_post_render\", [{ formId: \"1\", currentPage: \"current_page\", abort: function() { this.preventDefault(); } }]);        if (event && event.defaultPrevented) {                return;        }        const gformWrapperDiv = document.getElementById( \"gform_wrapper_1\" );        if ( gformWrapperDiv ) {            const visibilitySpan = document.createElement( \"span\" );            visibilitySpan.id = \"gform_visibility_test_1\";            gformWrapperDiv.insertAdjacentElement( \"afterend\", visibilitySpan );        }        const visibilityTestDiv = document.getElementById( \"gform_visibility_test_1\" );        let postRenderFired = false;        function triggerPostRender() {            if ( postRenderFired ) {                return;            }            postRenderFired = true;            gform.core.triggerPostRenderEvents( 1, current_page );            if ( visibilityTestDiv ) {                visibilityTestDiv.parentNode.removeChild( visibilityTestDiv );            }        }        function debounce( func, wait, immediate ) {            var timeout;            return function() {                var context = this, args = arguments;                var later = function() {                    timeout = null;                    if ( !immediate ) func.apply( context, args );                };                var callNow = immediate && !timeout;                clearTimeout( timeout );                timeout = setTimeout( later, wait );                if ( callNow ) func.apply( context, args );            };        }        const debouncedTriggerPostRender = debounce( function() {            triggerPostRender();        }, 200 );        if ( visibilityTestDiv && visibilityTestDiv.offsetParent === null ) {            const observer = new MutationObserver( ( mutations ) => {                mutations.forEach( ( mutation ) => {                    if ( mutation.type === 'attributes' && visibilityTestDiv.offsetParent !== null ) {                        debouncedTriggerPostRender();                        observer.disconnect();                    }                });            });            observer.observe( document.body, {                attributes: true,                childList: false,                subtree: true,                attributeFilter: [ 'style', 'class' ],            });        } else {            triggerPostRender();        }    } );} ); \n\/* ]]> *\/\n<\/script>\n[\/vc_column][vc_column width=\u00bb1\/2&#8243;][vc_single_image image=\u00bb835&#8243; img_size=\u00bbfull\u00bb css=\u00bb.vc_custom_1698223282219{margin-right: 0px !important;margin-left: 0px !important;padding-right: 0px !important;padding-left: 0px !important;}\u00bb][\/vc_column][\/vc_row][vc_row full_width=\u00bbstretch_row_content\u00bb][vc_column width=\u00bb1\/6&#8243;][\/vc_column][vc_column width=\u00bb2\/3&#8243;][vc_column_text]<\/p>\n<h5 style=\"text-align: center;\">Visita guiada<\/h5>\n<h2 style=\"text-align: center;\">Mirando al interior<\/h2>\n<p>[\/vc_column_text][vc_video link=\u00bbhttps:\/\/youtu.be\/edCJIoFupCk\u00bb][\/vc_column][vc_column width=\u00bb1\/6&#8243;][\/vc_column][\/vc_row][vc_row full_width=\u00bbstretch_row\u00bb equal_height=\u00bbyes\u00bb content_placement=\u00bbmiddle\u00bb css=\u00bb.vc_custom_1697110104419{background-image: url(https:\/\/www.redlightdistrictnijmegen.nl\/wp-content\/uploads\/bg_image-blur-flipped-scaled.jpg?id=969) !important;}\u00bb][vc_column width=\u00bb1\/2&#8243;][vc_column_text]<\/p>\n<h2 style=\"text-align: center;\">Elija una de nuestras habitaciones de lujo<\/h2>\n<p style=\"text-align: center;\">El Barrio Rojo de Nimega cuenta con dos edificios monumentales que incluyen excelentes escaparates. Adem\u00e1s, nuestras instalaciones tambi\u00e9n cuentan con un sal\u00f3n recreativo donde los visitantes pueden pasear por el interior y buscar a la mujer de sus sue\u00f1os. Ambas propiedades constan de varias plantas con habitaciones lujosas y llenas de ambiente. Somos el burdel de Nimega con m\u00e1s habitaciones en la calle, por lo que tambi\u00e9n tenemos la mayor oferta de se\u00f1oritas.<\/p>\n<p>[\/vc_column_text][\/vc_column][vc_column width=\u00bb1\/2&#8243;][vc_column_text]<\/p>\n<h2 style=\"text-align: center;\">Confort y seguridad<\/h2>\n<p style=\"text-align: center;\">Si alquila una habitaci\u00f3n en nuestro burdel, en los Pa\u00edses Bajos, se encontrar\u00e1 en un ambiente acogedor y desenfadado. Con nosotros, t\u00fa estableces tus propios l\u00edmites en tus servicios sexuales, horarios de trabajo y el posible rechazo de clientes. As\u00ed que t\u00fa tambi\u00e9n decides qu\u00e9 acciones te gustan y cu\u00e1les no. En nuestro burdel, todo el mundo es tratado con respeto. En nuestro burdel, todo el mundo es tratado con respeto. En nuestro burdel, todo el mundo es tratado con respeto.<\/p>\n<p>[\/vc_column_text][\/vc_column][\/vc_row][vc_row full_width=\u00bbstretch_row\u00bb equal_height=\u00bbyes\u00bb content_placement=\u00bbmiddle\u00bb css=\u00bb.vc_custom_1696590801045{background-image: url(https:\/\/www.redlightdistrictnijmegen.nl\/wp-content\/uploads\/Background_image_wo_blur-scaled.jpg?id=659) !important;}\u00bb el_class=\u00bbbg_blur img-left\u00bb][vc_column width=\u00bb1\/2&#8243;][vc_single_image image=\u00bb1163&#8243; img_size=\u00bbfull\u00bb css=\u00bb.vc_custom_1697791874938{margin-right: 0px !important;margin-left: 0px !important;padding-right: 0px !important;padding-left: 0px !important;}\u00bb][\/vc_column][vc_column width=\u00bb1\/2&#8243;][vc_column_text]<\/p>\n<h2>La mejor ubicaci\u00f3n para un burdel en los Pa\u00edses Bajos<\/h2>\n<p>El Barrio Rojo de Bordeel, en Nijmegen, est\u00e1 situado en un lugar privilegiado de los Pa\u00edses Bajos. Encontrar\u00e1 nuestras instalaciones en un barrio tranquilo de la Nieuwe Markt de Nijmegen, junto al conocido Kronenburgerpark. Se puede llegar al burdel de varias maneras. Por ejemplo, hay mucho aparcamiento delante de la puerta y desde la estaci\u00f3n central de Nijmegen hay 10 minutos a pie.<br \/>\n[\/vc_column_text][\/vc_column][\/vc_row][vc_row full_width=\u00bbstretch_row\u00bb equal_height=\u00bbyes\u00bb content_placement=\u00bbmiddle\u00bb css=\u00bb.vc_custom_1697110104419{background-image: url(https:\/\/www.redlightdistrictnijmegen.nl\/wp-content\/uploads\/bg_image-blur-flipped-scaled.jpg?id=969) !important;}\u00bb][vc_column][vc_column_text]<\/p>\n<h2 style=\"text-align: center;\">\u00bfLe gustar\u00eda alquilar una habitaci\u00f3n con nosotros?<\/h2>\n<p style=\"text-align: center;\">Le ofrecemos varias instalaciones en nuestro burdel. Si alquila una habitaci\u00f3n en nuestro burdel, le ofrecemos todo lo necesario para un trabajo seguro, higi\u00e9nico y agradable. Esto incluye seguridad y una cocina. Tambi\u00e9n proporcionamos habitaciones limpias, buenas instalaciones sanitarias y mucho m\u00e1s. Somos un burdel en los Pa\u00edses Bajos con 25 habitaciones atmosf\u00e9ricas y lujosas, donde cada dama puede encontrar una habitaci\u00f3n que se adapte a ella. Hay mucha actividad en nuestra casa, pero por supuesto usted determina su costumbre. Nunca tendr\u00e1s que hacer nada que no quieras. Nuestro burdel est\u00e1 abierto los 7 d\u00edas de la semana, de 09:00 a 03:00. Por eso te ofrecemos muchas oportunidades de trabajar, obviamente en los d\u00edas y horas que quieras.<\/p>\n<h2 style=\"text-align: center;\">P\u00f3ngase en contacto<\/h2>\n<p style=\"text-align: center;\">\u00bfQuieres alquilar una habitaci\u00f3n en un burdel en Holanda? \u00bfO desea saber m\u00e1s sobre las condiciones o precios de <a href=\"https:\/\/www.redlightdistrictnijmegen.nl\/es\/alquiler-de-habitaciones\/\">alquiler de una habitaci\u00f3n<\/a>? Si es as\u00ed, no dude en ponerse en contacto con Barrio Rojo de Nijmegen. Rellene el formulario de contacto o env\u00ede un mensaje por WhatsApp.<\/p>\n<p>[\/vc_column_text][\/vc_column][\/vc_row]<\/p>\n<\/div>","protected":false},"excerpt":{"rendered":"<p>[vc_row full_width=\u00bbstretch_row\u00bb equal_height=\u00bbyes\u00bb content_placement=\u00bbmiddle\u00bb css=\u00bb.vc_custom_1696590801045{background-image: url(https:\/\/www.redlightdistrictnijmegen.nl\/wp-content\/uploads\/Background_image_wo_blur-scaled.jpg?id=659) !important;}\u00bb el_class=\u00bbbg_blur img-left\u00bb][vc_column width=\u00bb1\/2&#8243;][vc_single_image image=\u00bb800&#8243; img_size=\u00bbfull\u00bb css=\u00bb.vc_custom_1696793026959{margin-right: 0px !important;margin-left: 0px !important;padding-right: 0px !important;padding-left: 0px&#8230;<\/p>\n","protected":false},"author":1,"featured_media":0,"parent":0,"menu_order":0,"comment_status":"closed","ping_status":"closed","template":"","meta":{"_acf_changed":false,"inline_featured_image":false,"footnotes":""},"class_list":["post-1184","page","type-page","status-publish","hentry"],"acf":[],"_links":{"self":[{"href":"https:\/\/www.redlightdistrictnijmegen.nl\/es\/wp-json\/wp\/v2\/pages\/1184","targetHints":{"allow":["GET"]}}],"collection":[{"href":"https:\/\/www.redlightdistrictnijmegen.nl\/es\/wp-json\/wp\/v2\/pages"}],"about":[{"href":"https:\/\/www.redlightdistrictnijmegen.nl\/es\/wp-json\/wp\/v2\/types\/page"}],"author":[{"embeddable":true,"href":"https:\/\/www.redlightdistrictnijmegen.nl\/es\/wp-json\/wp\/v2\/users\/1"}],"replies":[{"embeddable":true,"href":"https:\/\/www.redlightdistrictnijmegen.nl\/es\/wp-json\/wp\/v2\/comments?post=1184"}],"version-history":[{"count":0,"href":"https:\/\/www.redlightdistrictnijmegen.nl\/es\/wp-json\/wp\/v2\/pages\/1184\/revisions"}],"wp:attachment":[{"href":"https:\/\/www.redlightdistrictnijmegen.nl\/es\/wp-json\/wp\/v2\/media?parent=1184"}],"curies":[{"name":"wp","href":"https:\/\/api.w.org\/{rel}","templated":true}]}}