{"id":1294,"date":"2023-10-12T10:40:37","date_gmt":"2023-10-12T08:40:37","guid":{"rendered":"https:\/\/www.redlightdistrictnijmegen.nl\/club-sexual-nimega\/"},"modified":"2023-11-22T16:57:24","modified_gmt":"2023-11-22T14:57:24","slug":"club-sexual-nimega","status":"publish","type":"page","link":"https:\/\/www.redlightdistrictnijmegen.nl\/es\/club-sexual-nimega\/","title":{"rendered":"Club sexual Nijmegen"},"content":{"rendered":"<div class=\"wpb-content-wrapper\"><p>[vc_row el_class=\u00bbusp_row\u00bb][vc_column][vc_column_text]<\/p>\n<h5 style=\"text-align: center;\">POR QU\u00c9 ELEGIRN<\/h5>\n<h2 style=\"text-align: center;\">Barrio Rojo de Nijmegen<\/h2>\n<p>[\/vc_column_text][vc_row_inner][vc_column_inner width=\u00bb1\/4&#8243;][vc_single_image image=\u00bb785&#8243; img_size=\u00bbfull\u00bb title=\u00bbAmbiente acogedor e informal\u00bb][\/vc_column_inner][vc_column_inner width=\u00bb1\/4&#8243;][vc_single_image image=\u00bb920&#8243; img_size=\u00bbfull\u00bb title=\u00bb25 atractivas y lujosas habitaciones\u00bb][\/vc_column_inner][vc_column_inner width=\u00bb1\/4&#8243;][vc_single_image image=\u00bb840&#8243; img_size=\u00bbfull\u00bb title=\u00bbDiscreto y an\u00f3nimo\u00bb][\/vc_column_inner][vc_column_inner width=\u00bb1\/4&#8243;][vc_single_image image=\u00bb865&#8243; img_size=\u00bbfull\u00bb title=\u00bbAmplio aparcamiento\u00bb][\/vc_column_inner][\/vc_row_inner][\/vc_column][\/vc_row][vc_row full_width=\u00bbstretch_row\u00bb equal_height=\u00bbyes\u00bb content_placement=\u00bbmiddle\u00bb css=\u00bb.vc_custom_1696590801045{background-image: url(https:\/\/www.redlightdistrictnijmegen.nl\/wp-content\/uploads\/Background_image_wo_blur-scaled.jpg?id=659) !important;}\u00bb el_class=\u00bbbg_blur img-left\u00bb][vc_column width=\u00bb1\/2&#8243;][vc_single_image image=\u00bb910&#8243; img_size=\u00bbfull\u00bb css=\u00bb.vc_custom_1696937214313{margin-right: 0px !important;margin-left: 0px !important;padding-right: 0px !important;padding-left: 0px !important;}\u00bb][\/vc_column][vc_column width=\u00bb1\/2&#8243;][vc_column_text]<\/p>\n<h2>\u00bfPor qu\u00e9 Barrio Rojo de N?<\/h2>\n<p>\u00bfEst\u00e1s buscando una direcci\u00f3n traviesa en Nijmegen para disfrutar de la compa\u00f1\u00eda de una dama sexy?i Entonces, el Barrio Rojo es tu sitio. En nuestro club de sexo en Nijmegen, hay varias se\u00f1oritas traviesas presentes que te mimar\u00e1n con placer. Saben c\u00f3mo seducir a alguien y proporcionarle una experiencia er\u00f3tica que no olvidar\u00e1. Ven a nuestro club sexual de Nijmegen y disfrutar\u00e1s de las siguientes ventajas:<\/p>\n<ul>\n<li>Abierto 7 d\u00edas a la semana (09:00-03:00)<\/li>\n<li>Ambiente acogedor e informal<\/li>\n<li>25 atractivas y lujosas habitaciones<\/li>\n<li>Aparcamiento delante de la puerta<\/li>\n<li>Discreto y seguro<\/li>\n<\/ul>\n<p>[\/vc_column_text][\/vc_column][\/vc_row][vc_row full_width=\u00bbstretch_row\u00bb equal_height=\u00bbyes\u00bb content_placement=\u00bbmiddle\u00bb css=\u00bb.vc_custom_1697097716379{background-image: url(https:\/\/www.redlightdistrictnijmegen.nl\/wp-content\/uploads\/bg_image-blur-flipped-scaled.jpg?id=969) !important;}\u00bb][vc_column][vc_column_text]<\/p>\n<h2 style=\"text-align: center;\">Las se\u00f1oritas m\u00e1s traviesas de Nijmegen y alrededores<\/h2>\n<p style=\"text-align: center;\">En nuestro club de sexo en Nijmegen, varias se\u00f1oritas traviesas est\u00e1n presentes los 7 d\u00edas de la semana. Nuestras damas son de diversas nacionalidades. Cada dama tiene su propia especialidad y servicio travieso. Visite nuestro club de sexo en Nijmegen y d\u00e9jese mimar en una de las atmosf\u00e9ricas habitaciones por las se\u00f1oritas m\u00e1s traviesas de Nijmegen y sus alrededores.<\/p>\n<h2 style=\"text-align: center;\">Respeto a nuestras damas<\/h2>\n<p style=\"text-align: center;\">En nuestro club sexual de Nijmegen, las se\u00f1oritas establecen sus propios l\u00edmites en sus servicios sexuales, horarios de trabajo y el posible rechazo de clientes. Las se\u00f1oras son independientes y se las trata con respeto. Tambi\u00e9n esperamos lo mismo de nuestros hu\u00e9spedes hacia las damas. El ambiente es acogedor e informal. Estos son todos los ingredientes necesarios para una buena cita er\u00f3tica.<\/p>\n<p>[\/vc_column_text][\/vc_column][\/vc_row][vc_row full_width=\u00bbstretch_row\u00bb equal_height=\u00bbyes\u00bb content_placement=\u00bbmiddle\u00bb css=\u00bb.vc_custom_1696590801045{background-image: url(https:\/\/www.redlightdistrictnijmegen.nl\/wp-content\/uploads\/Background_image_wo_blur-scaled.jpg?id=659) !important;}\u00bb el_class=\u00bbbg_blur img-left\u00bb][vc_column width=\u00bb1\/2&#8243;][vc_single_image image=\u00bb785&#8243; img_size=\u00bbfull\u00bb css=\u00bb.vc_custom_1697099574885{margin-right: 0px !important;margin-left: 0px !important;padding-right: 0px !important;padding-left: 0px !important;}\u00bb][\/vc_column][vc_column width=\u00bb1\/2&#8243;][vc_column_text]<\/p>\n<h2>Costes sex club Nijmegen<\/h2>\n<p>\u00bfCu\u00e1nto cuesta una visita a nuestro club sexual de Nimega? Por supuesto, eso depende de tus deseos. Usted paga 50 euros como entrada por 15 minutos. Las se\u00f1oritas deciden el presupuesto despu\u00e9s de eso con todos sus deseos etc.[\/vc_column_text][\/vc_column][\/vc_row][vc_row full_width=\u00bbstretch_row_content_no_spaces\u00bb el_id=\u00bbgoogle_maps_row\u00bb][vc_column][vc_column_text el_class=\u00bbgoogle_maps_title\u00bb]<\/p>\n<h5 style=\"text-align: center;\">NUESTRA UBICACI\u00d3N<\/h5>\n<h2 style=\"text-align: center;\">Sensual e \u00edntimo<\/h2>\n<p>[\/vc_column_text][vc_gmaps link=\u00bb#E-8_JTIwJTIwJTNDaWZyYW1lJTIwc3JjJTNEJTIyaHR0cHMlM0ElMkYlMkZ3d3cuZ29vZ2xlLmNvbSUyRm1hcHMlMkZlbWJlZCUzRnBiJTNEJTIxMW0xOCUyMTFtMTIlMjExbTMlMjExZDI0NjQuNjU5OTM5NDkzMTkxJTIxMmQ1Ljg1NDg2ODI3NzYxOTA3MSUyMTNkNTEuODQ4OTA1OTg1Njk2NjQlMjEybTMlMjExZjAlMjEyZjAlMjEzZjAlMjEzbTIlMjExaTEwMjQlMjEyaTc2OCUyMTRmMTMuMSUyMTNtMyUyMTFtMiUyMTFzMHg0N2M3MDg0MjA1YzQ4Y2ExJTI1M0EweDIyNzYzZDM4YzQxOGJjYmElMjEyc05pZXV3ZSUyNTIwTWFya3QlMjUyMDI0JTI1MkMlMjUyMDY1MTElMjUyMFhLJTI1MjBOaWptZWdlbiUyMTVlMCUyMTNtMiUyMTFzZW4lMjEyc25sJTIxNHYxNjk2ODU4MDkwMjY4JTIxNW0yJTIxMXNlbiUyMTJzbmwlMjIlMjB3aWR0aCUzRCUyMjEwMCUyNSUyMiUyMGhlaWdodCUzRCUyMjQwMCUyMiUyMHN0eWxlJTNEJTIyYm9yZGVyJTNBMCUzQiUyMiUyMGFsbG93ZnVsbHNjcmVlbiUzRCUyMiUyMiUyMGxvYWRpbmclM0QlMjJsYXp5JTIyJTIwcmVmZXJyZXJwb2xpY3klM0QlMjJuby1yZWZlcnJlci13aGVuLWRvd25ncmFkZSUyMiUzRSUzQyUyRmlmcmFtZSUzRQ==\u00bb][\/vc_column][\/vc_row][vc_row full_width=\u00bbstretch_row\u00bb equal_height=\u00bbyes\u00bb content_placement=\u00bbmiddle\u00bb el_class=\u00bbbg_blur mirror img-right\u00bb css=\u00bb.vc_custom_1696590793055{background-image: url(https:\/\/www.redlightdistrictnijmegen.nl\/wp-content\/uploads\/bg_image-blur-flipped-scaled.jpg?id=969) !important;}\u00bb][vc_column width=\u00bb1\/2&#8243;][vc_column_text]<\/p>\n<h5>MEJOR UBICACI\u00d3N<\/h5>\n<h2>El mejor lugar para hacer realidad sus fantas\u00edas<\/h2>\n<p>Encontrar\u00e1s nuestro club de sexo en Nijmegen en un barrio tranquilo de Nieuwe Markt, junto al conocido Kronenburgerpark. Se encuentra a 10 minutos a pie de la estaci\u00f3n central de Nijmegen. Tambi\u00e9n hay aparcamiento en la puerta. Por eso, los pasadizos interiores del Barrio Rojo son el mejor lugar para hacer realidad tus fantas\u00edas.<br \/>\n[\/vc_column_text][\/vc_column][vc_column width=\u00bb1\/2&#8243;][vc_single_image image=\u00bb845&#8243; img_size=\u00bbfull\u00bb css=\u00bb.vc_custom_1696937265058{margin-right: 0px !important;margin-left: 0px !important;padding-right: 0px !important;padding-left: 0px !important;}\u00bb][\/vc_column][\/vc_row][vc_row full_width=\u00bbstretch_row\u00bb equal_height=\u00bbyes\u00bb content_placement=\u00bbmiddle\u00bb css=\u00bb.vc_custom_1697097716379{background-image: url(https:\/\/www.redlightdistrictnijmegen.nl\/wp-content\/uploads\/bg_image-blur-flipped-scaled.jpg?id=969) !important;}\u00bb][vc_column][vc_column_text]<\/p>\n<h2 style=\"text-align: center;\">La experiencia er\u00f3tica definitiva<\/h2>\n<p style=\"text-align: center;\">Visite el Barrio Rojo de Nijmegen y descubra un lugar donde confluyen la pasi\u00f3n, la excitaci\u00f3n y el placer. Como club de sexo en Nijmegen, te ofrecemos la experiencia er\u00f3tica definitiva. Tanto si es un experto conocedor como si visita un club sexual por primera vez, nuestras se\u00f1oritas le proporcionar\u00e1n una experiencia que no olvidar\u00e1. Son buenas seduciendo, pero tambi\u00e9n hacen que te relajes y disfrutes. Comparta sus fantas\u00edas con la mujer que le gusta y disfrute de un momento excitante, er\u00f3tico e incluso pervertido.<\/p>\n<h2 style=\"text-align: center;\">abierto 7 d\u00edas a la semana<\/h2>\n<p style=\"text-align: center;\">Tanto si te apetece una aventura excitante durante la semana o el fin de semana, nuestro club sexual est\u00e1 abierto los 7 d\u00edas de la semana. De 09:00 a 03:00 puede unirse a nosotros para una excitante estancia, donde podr\u00e1 ganar energ\u00eda fresca relaj\u00e1ndose en compa\u00f1\u00eda de una de nuestras sensuales se\u00f1oritas. El Barrio Rojo de Nijmegen es el lugar ideal para disfrutar en exclusiva de Nijmegen.<\/p>\n<h2 style=\"text-align: center;\">Sex club en Nijmegen con habitaciones lujosas y acogedoras<\/h2>\n<p style=\"text-align: center;\">Disfrute de forma exclusiva en nuestro club de sexo de Nijmegen. Nuestras instalaciones cuentan con varias plantas en las que encontrar\u00e1 habitaciones lujosas y acogedoras. No dude en pasear y buscar <span style=\"font-weight: 400;\">una buena dama para ti. En nuestro club de sexo en Nijmegen, sin duda encontrar\u00e1 a la mujer de sus sue\u00f1os.<\/span><\/p>\n<p>[\/vc_column_text][\/vc_column][\/vc_row][vc_row full_width=\u00bbstretch_row\u00bb equal_height=\u00bbyes\u00bb content_placement=\u00bbmiddle\u00bb el_class=\u00bbbg_blur mirror img-right\u00bb css=\u00bb.vc_custom_1696590793055{background-image: url(https:\/\/www.redlightdistrictnijmegen.nl\/wp-content\/uploads\/bg_image-blur-flipped-scaled.jpg?id=969) !important;}\u00bb][vc_column width=\u00bb1\/2&#8243;][vc_single_image image=\u00bb840&#8243; img_size=\u00bbfull\u00bb css=\u00bb.vc_custom_1697099084727{margin-right: 0px !important;margin-left: 0px !important;padding-right: 0px !important;padding-left: 0px !important;}\u00bb][\/vc_column][vc_column width=\u00bb1\/2&#8243;][vc_column_text]<\/p>\n<h2>Disfrute discreto y seguro<\/h2>\n<p>\u00bfQuieres visitar a una mujer sexy de forma discreta y segura? Entonces has venido al lugar adecuado en nuestro club sexual de Nijmegen. D\u00e9jate mimar por una mujer que sabe lo que hace y puede llevarte al cl\u00edmax.<\/p>\n<h2>\u00bfTiene al menos 18 a\u00f1os?<\/h2>\n<p>Para visitar nuestro club de sexo en Nijmegen, debes ser mayor de 18 a\u00f1os. \u00bfTiene al menos 18 a\u00f1os? Luego tenemos se\u00f1oritas simp\u00e1ticas y traviesas para una buena cita er\u00f3tica.<br \/>\n[\/vc_column_text][\/vc_column][\/vc_row][vc_row full_width=\u00bbstretch_row\u00bb equal_height=\u00bbyes\u00bb content_placement=\u00bbmiddle\u00bb css=\u00bb.vc_custom_1697097716379{background-image: url(https:\/\/www.redlightdistrictnijmegen.nl\/wp-content\/uploads\/bg_image-blur-flipped-scaled.jpg?id=969) !important;}\u00bb][vc_column]            <video id=\"dynamicBackgroundVideo\" autoplay loop muted playsinline class=\"background-video\" src=\"\/wp-content\/uploads\/video-bg-desktop-thin.mp4\"><\/video>\n            <script>\n                jQuery(document).ready(function($) {\n                    var windowWidth = $(window).width();\n                    var videoElement = $('#dynamicBackgroundVideo');\n                    if (windowWidth <= 991) {\n                        videoElement.attr('src', '\/wp-content\/uploads\/video-bg-mobile.mp4');\n                    }\n\n                    $(window).resize(function() {\n                        windowWidth = $(window).width();\n                        if (windowWidth <= 991) {\n                            videoElement.attr('src', '\/wp-content\/uploads\/video-bg-mobile.mp4');\n                        } else {\n                            videoElement.attr('src', '\/wp-content\/uploads\/video-bg-desktop-thin.mp4');\n                        }\n                    });\n                });\n            <\/script>\n            [vc_column_text]<\/p>\n<h2 style=\"text-align: center;\">P\u00f3ngase en contacto<\/h2>\n<p style=\"text-align: center;\">\u00bfQuieres m\u00e1s informaci\u00f3n de nuestro club sexual en Nijmegen? \u00bfO tiene otras preguntas? Entonces ponte en contacto con nosotros o env\u00edanos un mensaje por WhatsApp.<\/p>\n<p>[\/vc_column_text][\/vc_column][\/vc_row]<\/p>\n<\/div>","protected":false},"excerpt":{"rendered":"<p>[vc_row el_class=\u00bbusp_row\u00bb][vc_column][vc_column_text] POR QU\u00c9 ELEGIRN Barrio Rojo de Nijmegen [\/vc_column_text][vc_row_inner][vc_column_inner width=\u00bb1\/4&#8243;][vc_single_image image=\u00bb785&#8243; img_size=\u00bbfull\u00bb title=\u00bbAmbiente acogedor e informal\u00bb][\/vc_column_inner][vc_column_inner width=\u00bb1\/4&#8243;][vc_single_image image=\u00bb920&#8243; img_size=\u00bbfull\u00bb&#8230;<\/p>\n","protected":false},"author":1,"featured_media":0,"parent":0,"menu_order":0,"comment_status":"closed","ping_status":"closed","template":"","meta":{"_acf_changed":false,"inline_featured_image":false,"footnotes":""},"class_list":["post-1294","page","type-page","status-publish","hentry"],"acf":[],"_links":{"self":[{"href":"https:\/\/www.redlightdistrictnijmegen.nl\/es\/wp-json\/wp\/v2\/pages\/1294","targetHints":{"allow":["GET"]}}],"collection":[{"href":"https:\/\/www.redlightdistrictnijmegen.nl\/es\/wp-json\/wp\/v2\/pages"}],"about":[{"href":"https:\/\/www.redlightdistrictnijmegen.nl\/es\/wp-json\/wp\/v2\/types\/page"}],"author":[{"embeddable":true,"href":"https:\/\/www.redlightdistrictnijmegen.nl\/es\/wp-json\/wp\/v2\/users\/1"}],"replies":[{"embeddable":true,"href":"https:\/\/www.redlightdistrictnijmegen.nl\/es\/wp-json\/wp\/v2\/comments?post=1294"}],"version-history":[{"count":0,"href":"https:\/\/www.redlightdistrictnijmegen.nl\/es\/wp-json\/wp\/v2\/pages\/1294\/revisions"}],"wp:attachment":[{"href":"https:\/\/www.redlightdistrictnijmegen.nl\/es\/wp-json\/wp\/v2\/media?parent=1294"}],"curies":[{"name":"wp","href":"https:\/\/api.w.org\/{rel}","templated":true}]}}