{"id":1290,"date":"2023-10-12T10:40:37","date_gmt":"2023-10-12T08:40:37","guid":{"rendered":"https:\/\/www.redlightdistrictnijmegen.nl\/sex-club-nijmegen\/"},"modified":"2023-10-26T10:29:23","modified_gmt":"2023-10-26T08:29:23","slug":"sex-club-nijmegen","status":"publish","type":"page","link":"https:\/\/www.redlightdistrictnijmegen.nl\/ro\/sex-club-nijmegen\/","title":{"rendered":"Sex club Nijmegen"},"content":{"rendered":"<div class=\"wpb-content-wrapper\"><p>[vc_row el_class=&#8221;usp_row&#8221;][vc_column][vc_column_text]<\/p>\n<h5 style=\"text-align: center;\">DE CE S\u0102 ALEGEM<\/h5>\n<h2 style=\"text-align: center;\">Cartierul Redlight Nijmegen<\/h2>\n<p>[\/vc_column_text][vc_row_inner][vc_column_inner width=&#8221;1\/4&#8243;][vc_single_image image=&#8221;784&#8243; img_size=&#8221;full&#8221; title=&#8221;Atmosfer\u0103 confortabil\u0103 \u0219i casual&#8221;][\/vc_column_inner][vc_column_inner width=&#8221;1\/4&#8243;][vc_single_image image=&#8221;919&#8243; img_size=&#8221;full&#8221; title=&#8221;25 de camere atractive \u0219i luxoase&#8221;][\/vc_column_inner][vc_column_inner width=&#8221;1\/4&#8243;][vc_single_image image=&#8221;839&#8243; img_size=&#8221;full&#8221; title=&#8221;Discret \u0219i anonim&#8221;][\/vc_column_inner][vc_column_inner width=&#8221;1\/4&#8243;][vc_single_image image=&#8221;864&#8243; img_size=&#8221;full&#8221; title=&#8221;Parcare ampl\u0103&#8221;][\/vc_column_inner][\/vc_row_inner][\/vc_column][\/vc_row][vc_row full_width=&#8221;stretch_row&#8221; equal_height=&#8221;yes&#8221; content_placement=&#8221;middle&#8221; css=&#8221;.vc_custom_1696590801045{background-image: url(https:\/\/www.redlightdistrictnijmegen.nl\/wp-content\/uploads\/Background_image_wo_blur-scaled.jpg?id=659) !important;}&#8221; el_class=&#8221;bg_blur img-left&#8221;][vc_column width=&#8221;1\/2&#8243;][vc_single_image image=&#8221;909&#8243; img_size=&#8221;full&#8221; css=&#8221;.vc_custom_1696937214313{margin-right: 0px !important;margin-left: 0px !important;padding-right: 0px !important;padding-left: 0px !important;}&#8221;][\/vc_column][vc_column width=&#8221;1\/2&#8243;][vc_column_text]<\/p>\n<h2>De ce Red Light District Nijmegen?<\/h2>\n<p>E\u0219ti \u00een c\u0103utarea unei adrese obraznice \u00een Nijmegen pentru a te bucura de compania unei doamne sexy? Atunci Red Light District este locul potrivit pentru tine! La clubul nostru de sex din Nijmegen sunt prezente mai multe doamne obraznice care v\u0103 vor r\u0103sf\u0103\u021ba cu pl\u0103cere. Ei \u0219tiu cum s\u0103 seduc\u0103 pe cineva \u0219i s\u0103 ofere o experien\u021b\u0103 erotic\u0103 suprem\u0103 pe care nu o ve\u021bi uita prea cur\u00e2nd. Vino la clubul nostru de sex din Nijmegen \u0219i te vei bucura de urm\u0103toarele beneficii:<\/p>\n<ul>\n<li>Deschis 7 zile pe s\u0103pt\u0103m\u00e2n\u0103 (09:00-03:00)<\/li>\n<li>Atmosfer\u0103 confortabil\u0103 \u0219i informal\u0103<\/li>\n<li>25 de camere atractive \u0219i luxoase<\/li>\n<li>Parcare \u00een fa\u021ba u\u0219ii<\/li>\n<li>Discret \u0219i sigur<\/li>\n<\/ul>\n<p>[\/vc_column_text][\/vc_column][\/vc_row][vc_row full_width=&#8221;stretch_row&#8221; equal_height=&#8221;yes&#8221; content_placement=&#8221;middle&#8221; css=&#8221;.vc_custom_1697097716379{background-image: url(https:\/\/www.redlightdistrictnijmegen.nl\/wp-content\/uploads\/bg_image-blur-flipped-scaled.jpg?id=969) !important;}&#8221;][vc_column][vc_column_text]<\/p>\n<h2 style=\"text-align: center;\">Cele mai obraznice doamne din Nijmegen \u0219i \u00eemprejurimi<\/h2>\n<p style=\"text-align: center;\">La clubul nostru de sex din Nijmegen, mai multe doamne obraznice sunt prezente 7 zile pe s\u0103pt\u0103m\u00e2n\u0103. Doamnele noastre sunt de diferite na\u021bionalit\u0103\u021bi. Fiecare doamn\u0103 are propria ei specialitate \u0219i servicii obraznice. Vizita\u021bi clubul nostru de sex din Nijmegen \u0219i l\u0103sa\u021bi-v\u0103 r\u0103sf\u0103\u021ba\u021bi \u00eentr-una din camerele de atmosfer\u0103 de cele mai obraznice doamne din Nijmegen \u0219i din \u00eemprejurimi.<\/p>\n<h2 style=\"text-align: center;\">Respect pentru doamnele noastre<\/h2>\n<p style=\"text-align: center;\">\u00cen clubul nostru de sex din Nijmegen, doamnele \u00ee\u0219i stabilesc propriile limite \u00een ceea ce prive\u0219te serviciile sexuale, orele de lucru \u0219i posibilul refuz al clien\u021bilor. Doamnele sunt independente \u0219i tratate cu respect. \u0218i noi a\u0219tept\u0103m acest lucru de la oaspe\u021bii no\u0219tri fa\u021b\u0103 de doamne. Exist\u0103 o atmosfer\u0103 confortabil\u0103 \u0219i informal\u0103. Acestea sunt toate ingredientele necesare pentru o \u00eent\u00e2lnire erotic\u0103 bun\u0103.<\/p>\n<p>[\/vc_column_text][\/vc_column][\/vc_row][vc_row full_width=&#8221;stretch_row&#8221; equal_height=&#8221;yes&#8221; content_placement=&#8221;middle&#8221; css=&#8221;.vc_custom_1696590801045{background-image: url(https:\/\/www.redlightdistrictnijmegen.nl\/wp-content\/uploads\/Background_image_wo_blur-scaled.jpg?id=659) !important;}&#8221; el_class=&#8221;bg_blur img-left&#8221;][vc_column width=&#8221;1\/2&#8243;][vc_single_image image=&#8221;784&#8243; img_size=&#8221;full&#8221; css=&#8221;.vc_custom_1697099574885{margin-right: 0px !important;margin-left: 0px !important;padding-right: 0px !important;padding-left: 0px !important;}&#8221;][\/vc_column][vc_column width=&#8221;1\/2&#8243;][vc_column_text]<\/p>\n<h2>Costuri sex club Nijmegen<\/h2>\n<p>C\u00e2t cost\u0103 o vizit\u0103 la clubul nostru de sex din Nijmegen? Desigur, acest lucru depinde de cerin\u021bele dumneavoastr\u0103. Pl\u0103ti\u021bi 50 de euro ca tax\u0103 de intrare pentru 15 de minute. Doamnele hot\u0103r\u0103sc bugetul dup\u0103 aceea cu toate cerin\u021bele etc.[\/vc_column_text][\/vc_column][\/vc_row][vc_row full_width=&#8221;stretch_row_content_no_spaces&#8221; el_id=&#8221;google_maps_row&#8221;][vc_column][vc_column_text el_class=&#8221;google_maps_title&#8221;]<\/p>\n<h5 style=\"text-align: center;\">LOCA\u021aIA NOASTR\u0102<\/h5>\n<h2 style=\"text-align: center;\">Sensual &amp; intim<\/h2>\n<p>[\/vc_column_text][vc_gmaps link=&#8221;#E-8_JTIwJTIwJTNDaWZyYW1lJTIwc3JjJTNEJTIyaHR0cHMlM0ElMkYlMkZ3d3cuZ29vZ2xlLmNvbSUyRm1hcHMlMkZlbWJlZCUzRnBiJTNEJTIxMW0xOCUyMTFtMTIlMjExbTMlMjExZDI0NjQuNjU5OTM5NDkzMTkxJTIxMmQ1Ljg1NDg2ODI3NzYxOTA3MSUyMTNkNTEuODQ4OTA1OTg1Njk2NjQlMjEybTMlMjExZjAlMjEyZjAlMjEzZjAlMjEzbTIlMjExaTEwMjQlMjEyaTc2OCUyMTRmMTMuMSUyMTNtMyUyMTFtMiUyMTFzMHg0N2M3MDg0MjA1YzQ4Y2ExJTI1M0EweDIyNzYzZDM4YzQxOGJjYmElMjEyc05pZXV3ZSUyNTIwTWFya3QlMjUyMDI0JTI1MkMlMjUyMDY1MTElMjUyMFhLJTI1MjBOaWptZWdlbiUyMTVlMCUyMTNtMiUyMTFzZW4lMjEyc25sJTIxNHYxNjk2ODU4MDkwMjY4JTIxNW0yJTIxMXNlbiUyMTJzbmwlMjIlMjB3aWR0aCUzRCUyMjEwMCUyNSUyMiUyMGhlaWdodCUzRCUyMjQwMCUyMiUyMHN0eWxlJTNEJTIyYm9yZGVyJTNBMCUzQiUyMiUyMGFsbG93ZnVsbHNjcmVlbiUzRCUyMiUyMiUyMGxvYWRpbmclM0QlMjJsYXp5JTIyJTIwcmVmZXJyZXJwb2xpY3klM0QlMjJuby1yZWZlcnJlci13aGVuLWRvd25ncmFkZSUyMiUzRSUzQyUyRmlmcmFtZSUzRQ==&#8221;][\/vc_column][\/vc_row][vc_row full_width=&#8221;stretch_row&#8221; equal_height=&#8221;yes&#8221; content_placement=&#8221;middle&#8221; el_class=&#8221;bg_blur mirror img-right&#8221; css=&#8221;.vc_custom_1696590793055{background-image: url(https:\/\/www.redlightdistrictnijmegen.nl\/wp-content\/uploads\/bg_image-blur-flipped-scaled.jpg?id=969) !important;}&#8221;][vc_column width=&#8221;1\/2&#8243;][vc_column_text]<\/p>\n<h5>CEA MAI BUN\u0102 LOCA\u021aIE<\/h5>\n<h2>Cea mai bun\u0103 loca\u021bie pentru a v\u0103 face fanteziile s\u0103 devin\u0103 realitate<\/h2>\n<p>Ve\u021bi g\u0103si clubul nostru de sex din Nijmegen \u00eentr-un cartier lini\u0219tit de pe Nieuwe Markt, l\u00e2ng\u0103 faimosul Kronenburgerpark. Aceast\u0103 loca\u021bie se afl\u0103 la 10 minute de mers pe jos de gara central\u0103 din Nijmegen. Parcarea este disponibil\u0103, de asemenea, la u\u0219\u0103. Acest lucru face ca pasajele interioare din Red Light District s\u0103 fie cea mai bun\u0103 loca\u021bie pentru a-\u021bi face fanteziile s\u0103 devin\u0103 realitate!<br \/>\n[\/vc_column_text][\/vc_column][vc_column width=&#8221;1\/2&#8243;][vc_single_image image=&#8221;844&#8243; img_size=&#8221;full&#8221; css=&#8221;.vc_custom_1696937265058{margin-right: 0px !important;margin-left: 0px !important;padding-right: 0px !important;padding-left: 0px !important;}&#8221;][\/vc_column][\/vc_row][vc_row full_width=&#8221;stretch_row&#8221; equal_height=&#8221;yes&#8221; content_placement=&#8221;middle&#8221; css=&#8221;.vc_custom_1697097716379{background-image: url(https:\/\/www.redlightdistrictnijmegen.nl\/wp-content\/uploads\/bg_image-blur-flipped-scaled.jpg?id=969) !important;}&#8221;][vc_column][vc_column_text]<\/p>\n<h2 style=\"text-align: center;\">Experien\u021ba erotic\u0103 suprem\u0103<\/h2>\n<p style=\"text-align: center;\">Vizita\u021bi Cartierul Ro\u0219u din Nijmegen \u0219i descoperi\u021bi un loc \u00een care pasiunea, entuziasmul \u0219i pl\u0103cerea se \u00eent\u00e2lnesc. \u00cen calitate de sex club din Nijmegen, v\u0103 oferim cea mai bun\u0103 experien\u021b\u0103 erotic\u0103. Fie c\u0103 sunte\u021bi un cunosc\u0103tor experimentat sau vizita\u021bi un sex club pentru prima dat\u0103, doamnele noastre v\u0103 vor oferi o experien\u021b\u0103 pe care nu o ve\u021bi uita prea cur\u00e2nd. Se pricep s\u0103 seduc\u0103, dar te fac \u0219i s\u0103 te relaxezi \u0219i s\u0103 te sim\u021bi bine. \u00cemp\u0103rt\u0103\u0219e\u0219te-\u021bi fanteziile cu doamna pe care o placi \u0219i bucur\u0103-te de un moment incitant, erotic \u0219i poate chiar pervers.<\/p>\n<h2 style=\"text-align: center;\">deschis 7 zile pe s\u0103pt\u0103m\u00e2n\u0103<\/h2>\n<p style=\"text-align: center;\">Fie c\u0103 \u00ee\u021bi dore\u0219ti o aventur\u0103 incitant\u0103 \u00een timpul s\u0103pt\u0103m\u00e2nii sau \u00een weekend, sex clubul nostru este deschis 7 zile pe s\u0103pt\u0103m\u00e2n\u0103. \u00centre orele 09:00 \u0219i 03:00, v\u0103 pute\u021bi al\u0103tura nou\u0103 pentru un sejur incitant, unde v\u0103 pute\u021bi re\u00eemprosp\u0103ta energia relax\u00e2ndu-v\u0103 \u00een compania uneia dintre doamnele noastre sexy. Red Light District din Nijmegen este locul unde trebuie s\u0103 fii pentru distrac\u021bie exclusiv\u0103 \u00een Nijmegen!<\/p>\n<h2 style=\"text-align: center;\">Club de sex \u00een Nijmegen cu camere de lux \u0219i atmosferice<\/h2>\n<p style=\"text-align: center;\">Distrac\u021bie exclusiv\u0103, asta ve\u021bi face cu siguran\u021b\u0103 la clubul nostru de sex din Nijmegen. Spa\u021biul nostru are mai multe etaje, unde ve\u021bi g\u0103si mai multe camere atmosferice \u0219i luxoase. Nu ezita\u021bi s\u0103 v\u0103 plimba\u021bi \u0219i s\u0103 c\u0103uta\u021bi <span style=\"font-weight: 400;\">o doamn\u0103 dr\u0103gu\u021b\u0103 pentru tine. \u00cen clubul nostru de sex din Nijmegen, ve\u021bi g\u0103si cu siguran\u021b\u0103 femeia visurilor dumneavoastr\u0103.<\/span><\/p>\n<p>[\/vc_column_text][\/vc_column][\/vc_row][vc_row full_width=&#8221;stretch_row&#8221; equal_height=&#8221;yes&#8221; content_placement=&#8221;middle&#8221; el_class=&#8221;bg_blur mirror img-right&#8221; css=&#8221;.vc_custom_1696590793055{background-image: url(https:\/\/www.redlightdistrictnijmegen.nl\/wp-content\/uploads\/bg_image-blur-flipped-scaled.jpg?id=969) !important;}&#8221;][vc_column width=&#8221;1\/2&#8243;][vc_single_image image=&#8221;839&#8243; img_size=&#8221;full&#8221; css=&#8221;.vc_custom_1697099084727{margin-right: 0px !important;margin-left: 0px !important;padding-right: 0px !important;padding-left: 0px !important;}&#8221;][\/vc_column][vc_column width=&#8221;1\/2&#8243;][vc_column_text]<\/p>\n<h2>Bucurie discret\u0103 \u0219i sigur\u0103<\/h2>\n<p>Vrei s\u0103 vizitezi o doamn\u0103 sexy \u00een mod discret \u0219i sigur? Atunci ai ajuns la locul potrivit \u00een clubul nostru de sex din Nijmegen! Las\u0103-te r\u0103sf\u0103\u021bat de o doamn\u0103 care \u0219tie ce face \u0219i care te poate duce la un punct culminant.<\/p>\n<h2>Ave\u021bi cel pu\u021bin 18 ani?<\/h2>\n<p>Pentru a vizita clubul nostru de sex din Nijmegen, trebuie s\u0103 ave\u021bi 18 ani sau mai mult. Ave\u021bi cel pu\u021bin 18 ani? Apoi avem doamne dr\u0103gu\u021be \u0219i obraznice pentru o \u00eent\u00e2lnire erotic\u0103 bun\u0103.<br \/>\n[\/vc_column_text][\/vc_column][\/vc_row][vc_row full_width=&#8221;stretch_row&#8221; equal_height=&#8221;yes&#8221; content_placement=&#8221;middle&#8221; css=&#8221;.vc_custom_1697097716379{background-image: url(https:\/\/www.redlightdistrictnijmegen.nl\/wp-content\/uploads\/bg_image-blur-flipped-scaled.jpg?id=969) !important;}&#8221;][vc_column]            <video id=\"dynamicBackgroundVideo\" autoplay loop muted playsinline class=\"background-video\" src=\"\/wp-content\/uploads\/video-bg-desktop-thin.mp4\"><\/video>\n            <script>\n                jQuery(document).ready(function($) {\n                    var windowWidth = $(window).width();\n                    var videoElement = $('#dynamicBackgroundVideo');\n                    if (windowWidth <= 991) {\n                        videoElement.attr('src', '\/wp-content\/uploads\/video-bg-mobile.mp4');\n                    }\n\n                    $(window).resize(function() {\n                        windowWidth = $(window).width();\n                        if (windowWidth <= 991) {\n                            videoElement.attr('src', '\/wp-content\/uploads\/video-bg-mobile.mp4');\n                        } else {\n                            videoElement.attr('src', '\/wp-content\/uploads\/video-bg-desktop-thin.mp4');\n                        }\n                    });\n                });\n            <\/script>\n            [vc_column_text]<\/p>\n<h2 style=\"text-align: center;\">Intra\u021bi \u00een contact<\/h2>\n<p style=\"text-align: center;\">Dori\u021bi mai multe informa\u021bii de la clubul nostru de sex din Nijmegen? Sau ave\u021bi alte \u00eentreb\u0103ri? Atunci lua\u021bi leg\u0103tura cu noi sau trimite\u021bi-ne un mesaj prin WhatsApp.<\/p>\n<p>[\/vc_column_text][\/vc_column][\/vc_row]<\/p>\n<\/div>","protected":false},"excerpt":{"rendered":"<p>[vc_row el_class=&#8221;usp_row&#8221;][vc_column][vc_column_text] DE CE S\u0102 ALEGEM Cartierul Redlight Nijmegen [\/vc_column_text][vc_row_inner][vc_column_inner width=&#8221;1\/4&#8243;][vc_single_image image=&#8221;784&#8243; img_size=&#8221;full&#8221; title=&#8221;Atmosfer\u0103 confortabil\u0103 \u0219i casual&#8221;][\/vc_column_inner][vc_column_inner width=&#8221;1\/4&#8243;][vc_single_image image=&#8221;919&#8243; img_size=&#8221;full&#8221;&#8230;<\/p>\n","protected":false},"author":1,"featured_media":0,"parent":0,"menu_order":0,"comment_status":"closed","ping_status":"closed","template":"","meta":{"_acf_changed":false,"inline_featured_image":false,"footnotes":""},"class_list":["post-1290","page","type-page","status-publish","hentry"],"acf":[],"_links":{"self":[{"href":"https:\/\/www.redlightdistrictnijmegen.nl\/ro\/wp-json\/wp\/v2\/pages\/1290","targetHints":{"allow":["GET"]}}],"collection":[{"href":"https:\/\/www.redlightdistrictnijmegen.nl\/ro\/wp-json\/wp\/v2\/pages"}],"about":[{"href":"https:\/\/www.redlightdistrictnijmegen.nl\/ro\/wp-json\/wp\/v2\/types\/page"}],"author":[{"embeddable":true,"href":"https:\/\/www.redlightdistrictnijmegen.nl\/ro\/wp-json\/wp\/v2\/users\/1"}],"replies":[{"embeddable":true,"href":"https:\/\/www.redlightdistrictnijmegen.nl\/ro\/wp-json\/wp\/v2\/comments?post=1290"}],"version-history":[{"count":0,"href":"https:\/\/www.redlightdistrictnijmegen.nl\/ro\/wp-json\/wp\/v2\/pages\/1290\/revisions"}],"wp:attachment":[{"href":"https:\/\/www.redlightdistrictnijmegen.nl\/ro\/wp-json\/wp\/v2\/media?parent=1290"}],"curies":[{"name":"wp","href":"https:\/\/api.w.org\/{rel}","templated":true}]}}