{"id":1330,"date":"2023-10-12T10:57:49","date_gmt":"2023-10-12T08:57:49","guid":{"rendered":"https:\/\/www.redlightdistrictnijmegen.nl\/prostituate-nijmegen\/"},"modified":"2023-10-26T10:01:52","modified_gmt":"2023-10-26T08:01:52","slug":"prostituate-nijmegen","status":"publish","type":"page","link":"https:\/\/www.redlightdistrictnijmegen.nl\/ro\/prostituate-nijmegen\/","title":{"rendered":"Prostituate Nijmegen"},"content":{"rendered":"<div class=\"wpb-content-wrapper\"><p>[vc_row el_class=&#8221;usp_row&#8221;][vc_column][vc_column_text]<\/p>\n<h5 style=\"text-align: center;\">DE CE S\u0102 ALEGEM<\/h5>\n<h2 style=\"text-align: center;\">Cartierul Redlight Nijmegen<\/h2>\n<p>[\/vc_column_text][vc_row_inner][vc_column_inner width=&#8221;1\/4&#8243;][vc_single_image image=&#8221;784&#8243; img_size=&#8221;full&#8221; title=&#8221;Atmosfer\u0103 confortabil\u0103 \u0219i casual&#8221;][\/vc_column_inner][vc_column_inner width=&#8221;1\/4&#8243;][vc_single_image image=&#8221;919&#8243; img_size=&#8221;full&#8221; title=&#8221;25 de camere atractive \u0219i luxoase&#8221;][\/vc_column_inner][vc_column_inner width=&#8221;1\/4&#8243;][vc_single_image image=&#8221;839&#8243; img_size=&#8221;full&#8221; title=&#8221;Discret \u0219i anonim&#8221;][\/vc_column_inner][vc_column_inner width=&#8221;1\/4&#8243;][vc_single_image image=&#8221;864&#8243; img_size=&#8221;full&#8221; title=&#8221;Parcare ampl\u0103&#8221;][\/vc_column_inner][\/vc_row_inner][\/vc_column][\/vc_row][vc_row full_width=&#8221;stretch_row&#8221; equal_height=&#8221;yes&#8221; content_placement=&#8221;middle&#8221; css=&#8221;.vc_custom_1696590801045{background-image: url(https:\/\/www.redlightdistrictnijmegen.nl\/wp-content\/uploads\/Background_image_wo_blur-scaled.jpg?id=659) !important;}&#8221; el_class=&#8221;bg_blur img-left&#8221;][vc_column width=&#8221;1\/2&#8243;][vc_single_image image=&#8221;909&#8243; img_size=&#8221;full&#8221; css=&#8221;.vc_custom_1696937214313{margin-right: 0px !important;margin-left: 0px !important;padding-right: 0px !important;padding-left: 0px !important;}&#8221;][\/vc_column][vc_column width=&#8221;1\/2&#8243;][vc_column_text]<\/p>\n<h2>De ce s\u0103 mergi \u00een Cartierul Ro\u0219u din Nijmegen?<\/h2>\n<p>Dori\u021bi s\u0103 v\u0103 bucura\u021bi de compania unei doamne sexy la o adres\u0103 obraznic\u0103 \u00een Nijmegen? Vizita\u021bi curvele din Nijmegen \u00een Red Light District! Aici, mai multe doamne obraznice sunt prezente pentru a v\u0103 r\u0103sf\u0103\u021ba cu pl\u0103cere. Acestea v\u0103 ofer\u0103 o experien\u021b\u0103 erotic\u0103 pe care nu o ve\u021bi uita prea cur\u00e2nd. E\u0219ti curioas\u0103? Trece\u021bi pe la noi \u0219i bucura\u021bi-v\u0103 de urm\u0103toarele beneficii:<\/p>\n<ul>\n<li>Deschis 7 zile pe s\u0103pt\u0103m\u00e2n\u0103 (09:00-03:00)<\/li>\n<li>Atmosfer\u0103 confortabil\u0103 \u0219i informal\u0103<\/li>\n<li>25 de camere atractive \u0219i luxoase<\/li>\n<li>Parcare \u00een fa\u021ba u\u0219ii<\/li>\n<li>Discret \u0219i sigur<\/li>\n<\/ul>\n<p>[\/vc_column_text][\/vc_column][\/vc_row][vc_row full_width=&#8221;stretch_row&#8221; equal_height=&#8221;yes&#8221; content_placement=&#8221;middle&#8221; css=&#8221;.vc_custom_1697097716379{background-image: url(https:\/\/www.redlightdistrictnijmegen.nl\/wp-content\/uploads\/bg_image-blur-flipped-scaled.jpg?id=969) !important;}&#8221;][vc_column][vc_column_text]<\/p>\n<h2 style=\"text-align: center;\">Cele mai obraznice prostituate din Nijmegen \u0219i \u00eemprejurimi<\/h2>\n<p style=\"text-align: center;\">\u00cen Cartierul Ro\u0219u se afl\u0103 cele mai obraznice prostituate din Nijmegen. Aici pute\u021bi vizita 7 zile pe s\u0103pt\u0103m\u00e2n\u0103 pentru a v\u0103 r\u0103sf\u0103\u021ba. Fiecare doamn\u0103 are propria ei specialitate \u0219i servicii obraznice. \u00cen plus, doamnele noastre au na\u021bionalit\u0103\u021bi diferite pentru a satisface nevoile tuturor. Doamnele noastre \u00ee\u0219i stabilesc propriile limite \u00een ceea ce prive\u0219te serviciile sexuale, orele de lucru \u0219i posibilul refuz al clien\u021bilor. Ne a\u0219tept\u0103m ca oaspe\u021bii no\u0219tri s\u0103 le trateze pe doamnele noastre cu respect. Doamnele noastre ofer\u0103 apoi o \u00eent\u00e2lnire erotic\u0103 bun\u0103.<\/p>\n<p>[\/vc_column_text][\/vc_column][\/vc_row][vc_row full_width=&#8221;stretch_row&#8221; equal_height=&#8221;yes&#8221; content_placement=&#8221;middle&#8221; css=&#8221;.vc_custom_1696590801045{background-image: url(https:\/\/www.redlightdistrictnijmegen.nl\/wp-content\/uploads\/Background_image_wo_blur-scaled.jpg?id=659) !important;}&#8221; el_class=&#8221;bg_blur img-left&#8221;][vc_column width=&#8221;1\/2&#8243;][vc_single_image image=&#8221;784&#8243; img_size=&#8221;full&#8221; css=&#8221;.vc_custom_1697099574885{margin-right: 0px !important;margin-left: 0px !important;padding-right: 0px !important;padding-left: 0px !important;}&#8221;][\/vc_column][vc_column width=&#8221;1\/2&#8243;][vc_column_text]<\/p>\n<h2>Costuri sex club Nijmegen<\/h2>\n<p>C\u00e2t cost\u0103 o vizit\u0103 la clubul nostru de sex din Nijmegen? Desigur, acest lucru depinde de cerin\u021bele dumneavoastr\u0103. Pl\u0103ti\u021bi 50 de euro ca tax\u0103 de intrare pentru 15 de minute. Doamnele hot\u0103r\u0103sc bugetul dup\u0103 aceea cu toate cerin\u021bele etc.[\/vc_column_text][\/vc_column][\/vc_row][vc_row full_width=&#8221;stretch_row_content_no_spaces&#8221; el_id=&#8221;google_maps_row&#8221;][vc_column][vc_column_text el_class=&#8221;google_maps_title&#8221;]<\/p>\n<h5 style=\"text-align: center;\">LOCA\u021aIA NOASTR\u0102<\/h5>\n<h2 style=\"text-align: center;\">Sensual &amp; intim<\/h2>\n<p>[\/vc_column_text][vc_gmaps link=&#8221;#E-8_JTIwJTIwJTNDaWZyYW1lJTIwc3JjJTNEJTIyaHR0cHMlM0ElMkYlMkZ3d3cuZ29vZ2xlLmNvbSUyRm1hcHMlMkZlbWJlZCUzRnBiJTNEJTIxMW0xOCUyMTFtMTIlMjExbTMlMjExZDI0NjQuNjU5OTM5NDkzMTkxJTIxMmQ1Ljg1NDg2ODI3NzYxOTA3MSUyMTNkNTEuODQ4OTA1OTg1Njk2NjQlMjEybTMlMjExZjAlMjEyZjAlMjEzZjAlMjEzbTIlMjExaTEwMjQlMjEyaTc2OCUyMTRmMTMuMSUyMTNtMyUyMTFtMiUyMTFzMHg0N2M3MDg0MjA1YzQ4Y2ExJTI1M0EweDIyNzYzZDM4YzQxOGJjYmElMjEyc05pZXV3ZSUyNTIwTWFya3QlMjUyMDI0JTI1MkMlMjUyMDY1MTElMjUyMFhLJTI1MjBOaWptZWdlbiUyMTVlMCUyMTNtMiUyMTFzZW4lMjEyc25sJTIxNHYxNjk2ODU4MDkwMjY4JTIxNW0yJTIxMXNlbiUyMTJzbmwlMjIlMjB3aWR0aCUzRCUyMjEwMCUyNSUyMiUyMGhlaWdodCUzRCUyMjQwMCUyMiUyMHN0eWxlJTNEJTIyYm9yZGVyJTNBMCUzQiUyMiUyMGFsbG93ZnVsbHNjcmVlbiUzRCUyMiUyMiUyMGxvYWRpbmclM0QlMjJsYXp5JTIyJTIwcmVmZXJyZXJwb2xpY3klM0QlMjJuby1yZWZlcnJlci13aGVuLWRvd25ncmFkZSUyMiUzRSUzQyUyRmlmcmFtZSUzRQ==&#8221;][\/vc_column][\/vc_row][vc_row full_width=&#8221;stretch_row&#8221; equal_height=&#8221;yes&#8221; content_placement=&#8221;middle&#8221; el_class=&#8221;bg_blur mirror img-right&#8221; css=&#8221;.vc_custom_1696590793055{background-image: url(https:\/\/www.redlightdistrictnijmegen.nl\/wp-content\/uploads\/bg_image-blur-flipped-scaled.jpg?id=969) !important;}&#8221;][vc_column width=&#8221;1\/2&#8243;][vc_column_text]<\/p>\n<h5>CEA MAI BUN\u0102 LOCA\u021aIE<\/h5>\n<h2>Cea mai bun\u0103 loca\u021bie pentru experien\u021ba ta erotic\u0103<\/h2>\n<p>Vizita\u021bi curvele din Nijmegen \u0219i descoperi\u021bi cum se \u00eent\u00e2lnesc pasiunea, excitarea \u0219i pl\u0103cerea. Domni\u0219oarele noastre v\u0103 vor r\u0103sf\u0103\u021ba cu pl\u0103cere \u0219i v\u0103 vor face cele mai s\u0103lbatice fantezii s\u0103 devin\u0103 realitate. Ve\u021bi g\u0103si sediul nostru \u00eentr-un cartier lini\u0219tit de pe Nieuwe Markt, situat l\u00e2ng\u0103 faimosul Kronenburgerpark. De la gara central\u0103 din Nijmegen se poate ajunge la 10 minute de mers pe jos, dar exist\u0103 \u0219i numeroase locuri de parcare \u00een fa\u021ba u\u0219ii. Cartierul Ro\u0219u din Nijmegen este locul \u00een care v\u0103 pute\u021bi bucura \u00een exclusivitate de un moment incitant, erotic \u0219i poate pervers \u00een Nijmegen.<br \/>\n[\/vc_column_text][\/vc_column][vc_column width=&#8221;1\/2&#8243;][vc_single_image image=&#8221;844&#8243; img_size=&#8221;full&#8221; css=&#8221;.vc_custom_1696937265058{margin-right: 0px !important;margin-left: 0px !important;padding-right: 0px !important;padding-left: 0px !important;}&#8221;][\/vc_column][\/vc_row][vc_row full_width=&#8221;stretch_row&#8221; equal_height=&#8221;yes&#8221; content_placement=&#8221;middle&#8221; el_class=&#8221;bg_blur mirror img-right&#8221; css=&#8221;.vc_custom_1696590793055{background-image: url(https:\/\/www.redlightdistrictnijmegen.nl\/wp-content\/uploads\/bg_image-blur-flipped-scaled.jpg?id=969) !important;}&#8221;][vc_column width=&#8221;1\/2&#8243;][vc_single_image image=&#8221;839&#8243; img_size=&#8221;full&#8221; css=&#8221;.vc_custom_1697099084727{margin-right: 0px !important;margin-left: 0px !important;padding-right: 0px !important;padding-left: 0px !important;}&#8221;][\/vc_column][vc_column width=&#8221;1\/2&#8243;][vc_column_text]<\/p>\n<h2>Bucurie discret\u0103 \u0219i sigur\u0103<\/h2>\n<p>Vrei s\u0103 vizitezi o doamn\u0103 sexy \u00een mod discret \u0219i sigur? Atunci ai ajuns la locul potrivit \u00een clubul nostru de sex din Nijmegen! Las\u0103-te r\u0103sf\u0103\u021bat de o doamn\u0103 care \u0219tie ce face \u0219i care te poate duce la un punct culminant.<\/p>\n<h2>Ave\u021bi cel pu\u021bin 18 ani?<\/h2>\n<p>Pentru a vizita clubul nostru de sex din Nijmegen, trebuie s\u0103 ave\u021bi 18 ani sau mai mult. Ave\u021bi cel pu\u021bin 18 ani? Apoi avem doamne dr\u0103gu\u021be \u0219i obraznice pentru o \u00eent\u00e2lnire erotic\u0103 bun\u0103.<br \/>\n[\/vc_column_text][\/vc_column][\/vc_row][vc_row full_width=&#8221;stretch_row&#8221; equal_height=&#8221;yes&#8221; content_placement=&#8221;middle&#8221; css=&#8221;.vc_custom_1697097716379{background-image: url(https:\/\/www.redlightdistrictnijmegen.nl\/wp-content\/uploads\/bg_image-blur-flipped-scaled.jpg?id=969) !important;}&#8221;][vc_column]            <video id=\"dynamicBackgroundVideo\" autoplay loop muted playsinline class=\"background-video\" src=\"\/wp-content\/uploads\/video-bg-desktop-thin.mp4\"><\/video>\n            <script>\n                jQuery(document).ready(function($) {\n                    var windowWidth = $(window).width();\n                    var videoElement = $('#dynamicBackgroundVideo');\n                    if (windowWidth <= 991) {\n                        videoElement.attr('src', '\/wp-content\/uploads\/video-bg-mobile.mp4');\n                    }\n\n                    $(window).resize(function() {\n                        windowWidth = $(window).width();\n                        if (windowWidth <= 991) {\n                            videoElement.attr('src', '\/wp-content\/uploads\/video-bg-mobile.mp4');\n                        } else {\n                            videoElement.attr('src', '\/wp-content\/uploads\/video-bg-desktop-thin.mp4');\n                        }\n                    });\n                });\n            <\/script>\n            [vc_column_text]<\/p>\n<h2 style=\"text-align: center;\">Intra\u021bi \u00een contact<\/h2>\n<p style=\"text-align: center;\">Dori\u021bi mai multe informa\u021bii de la clubul nostru de sex din Nijmegen? Sau ave\u021bi alte \u00eentreb\u0103ri? Atunci lua\u021bi leg\u0103tura cu noi sau trimite\u021bi-ne un mesaj prin WhatsApp.<\/p>\n<p>[\/vc_column_text][\/vc_column][\/vc_row]<\/p>\n<\/div>","protected":false},"excerpt":{"rendered":"<p>[vc_row el_class=&#8221;usp_row&#8221;][vc_column][vc_column_text] DE CE S\u0102 ALEGEM Cartierul Redlight Nijmegen [\/vc_column_text][vc_row_inner][vc_column_inner width=&#8221;1\/4&#8243;][vc_single_image image=&#8221;784&#8243; img_size=&#8221;full&#8221; title=&#8221;Atmosfer\u0103 confortabil\u0103 \u0219i casual&#8221;][\/vc_column_inner][vc_column_inner width=&#8221;1\/4&#8243;][vc_single_image image=&#8221;919&#8243; img_size=&#8221;full&#8221;&#8230;<\/p>\n","protected":false},"author":1,"featured_media":0,"parent":0,"menu_order":0,"comment_status":"closed","ping_status":"closed","template":"","meta":{"_acf_changed":false,"inline_featured_image":false,"footnotes":""},"class_list":["post-1330","page","type-page","status-publish","hentry"],"acf":[],"_links":{"self":[{"href":"https:\/\/www.redlightdistrictnijmegen.nl\/ro\/wp-json\/wp\/v2\/pages\/1330","targetHints":{"allow":["GET"]}}],"collection":[{"href":"https:\/\/www.redlightdistrictnijmegen.nl\/ro\/wp-json\/wp\/v2\/pages"}],"about":[{"href":"https:\/\/www.redlightdistrictnijmegen.nl\/ro\/wp-json\/wp\/v2\/types\/page"}],"author":[{"embeddable":true,"href":"https:\/\/www.redlightdistrictnijmegen.nl\/ro\/wp-json\/wp\/v2\/users\/1"}],"replies":[{"embeddable":true,"href":"https:\/\/www.redlightdistrictnijmegen.nl\/ro\/wp-json\/wp\/v2\/comments?post=1330"}],"version-history":[{"count":0,"href":"https:\/\/www.redlightdistrictnijmegen.nl\/ro\/wp-json\/wp\/v2\/pages\/1330\/revisions"}],"wp:attachment":[{"href":"https:\/\/www.redlightdistrictnijmegen.nl\/ro\/wp-json\/wp\/v2\/media?parent=1330"}],"curies":[{"name":"wp","href":"https:\/\/api.w.org\/{rel}","templated":true}]}}