{"id":1354,"date":"2023-10-12T11:01:34","date_gmt":"2023-10-12T09:01:34","guid":{"rendered":"https:\/\/www.redlightdistrictnijmegen.nl\/nijmegen-curve\/"},"modified":"2023-10-26T10:08:00","modified_gmt":"2023-10-26T08:08:00","slug":"nijmegen-curve","status":"publish","type":"page","link":"https:\/\/www.redlightdistrictnijmegen.nl\/ro\/nijmegen-curve\/","title":{"rendered":"Nijmegen curve"},"content":{"rendered":"<div class=\"wpb-content-wrapper\"><p>[vc_row el_class=&#8221;usp_row&#8221;][vc_column][vc_column_text]<\/p>\n<h5 style=\"text-align: center;\">DE CE S\u0102 ALEGEM<\/h5>\n<h2 style=\"text-align: center;\">Cartierul Redlight Nijmegen<\/h2>\n<p>[\/vc_column_text][vc_row_inner][vc_column_inner width=&#8221;1\/4&#8243;][vc_single_image image=&#8221;784&#8243; img_size=&#8221;full&#8221; title=&#8221;Atmosfer\u0103 confortabil\u0103 \u0219i casual&#8221;][\/vc_column_inner][vc_column_inner width=&#8221;1\/4&#8243;][vc_single_image image=&#8221;919&#8243; img_size=&#8221;full&#8221; title=&#8221;25 de camere atractive \u0219i luxoase&#8221;][\/vc_column_inner][vc_column_inner width=&#8221;1\/4&#8243;][vc_single_image image=&#8221;839&#8243; img_size=&#8221;full&#8221; title=&#8221;Discret \u0219i anonim&#8221;][\/vc_column_inner][vc_column_inner width=&#8221;1\/4&#8243;][vc_single_image image=&#8221;864&#8243; img_size=&#8221;full&#8221; title=&#8221;Parcare ampl\u0103&#8221;][\/vc_column_inner][\/vc_row_inner][\/vc_column][\/vc_row][vc_row full_width=&#8221;stretch_row&#8221; equal_height=&#8221;yes&#8221; content_placement=&#8221;middle&#8221; css=&#8221;.vc_custom_1696590801045{background-image: url(https:\/\/www.redlightdistrictnijmegen.nl\/wp-content\/uploads\/Background_image_wo_blur-scaled.jpg?id=659) !important;}&#8221; el_class=&#8221;bg_blur img-left&#8221;][vc_column width=&#8221;1\/2&#8243;][vc_single_image image=&#8221;909&#8243; img_size=&#8221;full&#8221; css=&#8221;.vc_custom_1696937214313{margin-right: 0px !important;margin-left: 0px !important;padding-right: 0px !important;padding-left: 0px !important;}&#8221;][\/vc_column][vc_column width=&#8221;1\/2&#8243;][vc_column_text]<\/p>\n<h2>De ce este Cartierul Ro\u0219u \u00een Nijmegen?<\/h2>\n<p>\u021ai-ar pl\u0103cea s\u0103 te bucuri de compania unei doamne sexy? \u0218i tu e\u0219ti \u00een c\u0103utarea unei adrese obraznice \u00een Nijmegen? Apoi vizita\u021bi prostituatele din Nijmegen din Red Light District din Nijmegen! Aici, pute\u021bi fi r\u0103sf\u0103\u021bat de diverse doamne obraznice care v\u0103 vor asigura o experien\u021b\u0103 erotic\u0103 pe care nu o ve\u021bi uita prea cur\u00e2nd. Trece\u021bi pe la noi \u0219i v\u0103 ve\u021bi bucura de urm\u0103toarele beneficii:<\/p>\n<ul>\n<li>Deschis 7 zile pe s\u0103pt\u0103m\u00e2n\u0103 (09:00-03:00)<\/li>\n<li>Atmosfer\u0103 confortabil\u0103 \u0219i informal\u0103<\/li>\n<li>25 de camere atractive \u0219i luxoase<\/li>\n<li>Parcare \u00een fa\u021ba u\u0219ii<\/li>\n<li>Discret \u0219i sigur<\/li>\n<\/ul>\n<p>[\/vc_column_text][\/vc_column][\/vc_row][vc_row full_width=&#8221;stretch_row&#8221; equal_height=&#8221;yes&#8221; content_placement=&#8221;middle&#8221; css=&#8221;.vc_custom_1697097716379{background-image: url(https:\/\/www.redlightdistrictnijmegen.nl\/wp-content\/uploads\/bg_image-blur-flipped-scaled.jpg?id=969) !important;}&#8221;][vc_column][vc_column_text]<\/p>\n<h2>Doamnele noastre obraznice<\/h2>\n<p>\u00cen Cartierul Ro\u0219u, ve\u021bi g\u0103si cele mai obraznice prostituate din Nijmegen, care v\u0103 vor r\u0103sf\u0103\u021ba cu pl\u0103cere. Avem doamne de diferite na\u021bionalit\u0103\u021bi. Fiecare doamn\u0103 are propria ei specialitate \u0219i servicii obraznice. Doamna \u00eens\u0103\u0219i \u00ee\u0219i stabile\u0219te limitele serviciilor sale sexuale, orele de lucru \u0219i, dac\u0103 este necesar, \u00ee\u0219i refuz\u0103 clien\u021bii. Ne a\u0219tept\u0103m ca oaspe\u021bii no\u0219tri s\u0103 le trateze pe doamnele noastre cu respect. Doamnele noastre v\u0103 ofer\u0103 \u00een schimb o \u00eent\u00e2lnire erotic\u0103 bun\u0103.<br \/>\n[\/vc_column_text][\/vc_column][\/vc_row][vc_row full_width=&#8221;stretch_row&#8221; equal_height=&#8221;yes&#8221; content_placement=&#8221;middle&#8221; css=&#8221;.vc_custom_1696590801045{background-image: url(https:\/\/www.redlightdistrictnijmegen.nl\/wp-content\/uploads\/Background_image_wo_blur-scaled.jpg?id=659) !important;}&#8221; el_class=&#8221;bg_blur img-left&#8221;][vc_column width=&#8221;1\/2&#8243;][vc_single_image image=&#8221;784&#8243; img_size=&#8221;full&#8221; css=&#8221;.vc_custom_1697099574885{margin-right: 0px !important;margin-left: 0px !important;padding-right: 0px !important;padding-left: 0px !important;}&#8221;][\/vc_column][vc_column width=&#8221;1\/2&#8243;][vc_column_text]<\/p>\n<h2>Costuri sex club Nijmegen<\/h2>\n<p>C\u00e2t cost\u0103 o vizit\u0103 la clubul nostru de sex din Nijmegen? Desigur, acest lucru depinde de cerin\u021bele dumneavoastr\u0103. Pl\u0103ti\u021bi 50 de euro ca tax\u0103 de intrare pentru 15 de minute. Doamnele hot\u0103r\u0103sc bugetul dup\u0103 aceea cu toate cerin\u021bele etc.[\/vc_column_text][\/vc_column][\/vc_row][vc_row full_width=&#8221;stretch_row_content_no_spaces&#8221; el_id=&#8221;google_maps_row&#8221;][vc_column][vc_column_text el_class=&#8221;google_maps_title&#8221;]<\/p>\n<h5 style=\"text-align: center;\">LOCA\u021aIA NOASTR\u0102<\/h5>\n<h2 style=\"text-align: center;\">Sensual &amp; intim<\/h2>\n<p>[\/vc_column_text][vc_gmaps link=&#8221;#E-8_JTIwJTIwJTNDaWZyYW1lJTIwc3JjJTNEJTIyaHR0cHMlM0ElMkYlMkZ3d3cuZ29vZ2xlLmNvbSUyRm1hcHMlMkZlbWJlZCUzRnBiJTNEJTIxMW0xOCUyMTFtMTIlMjExbTMlMjExZDI0NjQuNjU5OTM5NDkzMTkxJTIxMmQ1Ljg1NDg2ODI3NzYxOTA3MSUyMTNkNTEuODQ4OTA1OTg1Njk2NjQlMjEybTMlMjExZjAlMjEyZjAlMjEzZjAlMjEzbTIlMjExaTEwMjQlMjEyaTc2OCUyMTRmMTMuMSUyMTNtMyUyMTFtMiUyMTFzMHg0N2M3MDg0MjA1YzQ4Y2ExJTI1M0EweDIyNzYzZDM4YzQxOGJjYmElMjEyc05pZXV3ZSUyNTIwTWFya3QlMjUyMDI0JTI1MkMlMjUyMDY1MTElMjUyMFhLJTI1MjBOaWptZWdlbiUyMTVlMCUyMTNtMiUyMTFzZW4lMjEyc25sJTIxNHYxNjk2ODU4MDkwMjY4JTIxNW0yJTIxMXNlbiUyMTJzbmwlMjIlMjB3aWR0aCUzRCUyMjEwMCUyNSUyMiUyMGhlaWdodCUzRCUyMjQwMCUyMiUyMHN0eWxlJTNEJTIyYm9yZGVyJTNBMCUzQiUyMiUyMGFsbG93ZnVsbHNjcmVlbiUzRCUyMiUyMiUyMGxvYWRpbmclM0QlMjJsYXp5JTIyJTIwcmVmZXJyZXJwb2xpY3klM0QlMjJuby1yZWZlcnJlci13aGVuLWRvd25ncmFkZSUyMiUzRSUzQyUyRmlmcmFtZSUzRQ==&#8221;][\/vc_column][\/vc_row][vc_row full_width=&#8221;stretch_row&#8221; equal_height=&#8221;yes&#8221; content_placement=&#8221;middle&#8221; el_class=&#8221;bg_blur mirror img-right&#8221; css=&#8221;.vc_custom_1696590793055{background-image: url(https:\/\/www.redlightdistrictnijmegen.nl\/wp-content\/uploads\/bg_image-blur-flipped-scaled.jpg?id=969) !important;}&#8221;][vc_column width=&#8221;1\/2&#8243;][vc_column_text]<\/p>\n<h5>CEA MAI BUN\u0102 LOCA\u021aIE<\/h5>\n<h2>Cea mai bun\u0103 loca\u021bie pentru o experien\u021b\u0103 erotic\u0103 cu prostituatele din Nijmegen<\/h2>\n<p>La prostituatele din Nijmegen, pasiunea, entuziasmul \u0219i pl\u0103cerea se \u00eent\u00e2lnesc. Doamnele noastre \u00ee\u021bi vor face cele mai nebune\u0219ti fantezii s\u0103 devin\u0103 realitate, astfel \u00eenc\u00e2t s\u0103 te po\u021bi bucura de un timp excitant, erotic \u0219i poate chiar pervers \u00een Nijmegen. Suntem deschi\u0219i 7 zile pe s\u0103pt\u0103m\u00e2n\u0103. Ve\u021bi g\u0103si sediul nostru \u00eentr-un cartier lini\u0219tit, l\u00e2ng\u0103 faimosul parc Kronenburgerpark, \u00een Pia\u021ba Nou\u0103. Acesta se afl\u0103 la aproximativ 10 minute de mers pe jos de gara central\u0103 din Nijmegen, dar este disponibil\u0103 o parcare \u00een fa\u021ba u\u0219ii. Opri\u021bi-v\u0103 pentru a v\u0103 bucura \u00een exclusivitate de prostituatele noastre obraznice din Nijmegen.<br \/>\n[\/vc_column_text][\/vc_column][vc_column width=&#8221;1\/2&#8243;][vc_single_image image=&#8221;844&#8243; img_size=&#8221;full&#8221; css=&#8221;.vc_custom_1696937265058{margin-right: 0px !important;margin-left: 0px !important;padding-right: 0px !important;padding-left: 0px !important;}&#8221;][\/vc_column][\/vc_row][vc_row full_width=&#8221;stretch_row&#8221; equal_height=&#8221;yes&#8221; content_placement=&#8221;middle&#8221; css=&#8221;.vc_custom_1697097716379{background-image: url(https:\/\/www.redlightdistrictnijmegen.nl\/wp-content\/uploads\/bg_image-blur-flipped-scaled.jpg?id=969) !important;}&#8221;][vc_column]            <video id=\"dynamicBackgroundVideo\" autoplay loop muted playsinline class=\"background-video\" src=\"\/wp-content\/uploads\/video-bg-desktop-thin.mp4\"><\/video>\n            <script>\n                jQuery(document).ready(function($) {\n                    var windowWidth = $(window).width();\n                    var videoElement = $('#dynamicBackgroundVideo');\n                    if (windowWidth <= 991) {\n                        videoElement.attr('src', '\/wp-content\/uploads\/video-bg-mobile.mp4');\n                    }\n\n                    $(window).resize(function() {\n                        windowWidth = $(window).width();\n                        if (windowWidth <= 991) {\n                            videoElement.attr('src', '\/wp-content\/uploads\/video-bg-mobile.mp4');\n                        } else {\n                            videoElement.attr('src', '\/wp-content\/uploads\/video-bg-desktop-thin.mp4');\n                        }\n                    });\n                });\n            <\/script>\n            [vc_column_text]<\/p>\n<h2 style=\"text-align: center;\">Intra\u021bi \u00een contact<\/h2>\n<p style=\"text-align: center;\">Dori\u021bi mai multe informa\u021bii de la clubul nostru de sex din Nijmegen? Sau ave\u021bi alte \u00eentreb\u0103ri? Atunci lua\u021bi leg\u0103tura cu noi sau trimite\u021bi-ne un mesaj prin WhatsApp.<\/p>\n<p>[\/vc_column_text][\/vc_column][\/vc_row]<\/p>\n<\/div>","protected":false},"excerpt":{"rendered":"<p>[vc_row el_class=&#8221;usp_row&#8221;][vc_column][vc_column_text] DE CE S\u0102 ALEGEM Cartierul Redlight Nijmegen [\/vc_column_text][vc_row_inner][vc_column_inner width=&#8221;1\/4&#8243;][vc_single_image image=&#8221;784&#8243; img_size=&#8221;full&#8221; title=&#8221;Atmosfer\u0103 confortabil\u0103 \u0219i casual&#8221;][\/vc_column_inner][vc_column_inner width=&#8221;1\/4&#8243;][vc_single_image image=&#8221;919&#8243; img_size=&#8221;full&#8221;&#8230;<\/p>\n","protected":false},"author":1,"featured_media":0,"parent":0,"menu_order":0,"comment_status":"closed","ping_status":"closed","template":"","meta":{"_acf_changed":false,"inline_featured_image":false,"footnotes":""},"class_list":["post-1354","page","type-page","status-publish","hentry"],"acf":[],"_links":{"self":[{"href":"https:\/\/www.redlightdistrictnijmegen.nl\/ro\/wp-json\/wp\/v2\/pages\/1354","targetHints":{"allow":["GET"]}}],"collection":[{"href":"https:\/\/www.redlightdistrictnijmegen.nl\/ro\/wp-json\/wp\/v2\/pages"}],"about":[{"href":"https:\/\/www.redlightdistrictnijmegen.nl\/ro\/wp-json\/wp\/v2\/types\/page"}],"author":[{"embeddable":true,"href":"https:\/\/www.redlightdistrictnijmegen.nl\/ro\/wp-json\/wp\/v2\/users\/1"}],"replies":[{"embeddable":true,"href":"https:\/\/www.redlightdistrictnijmegen.nl\/ro\/wp-json\/wp\/v2\/comments?post=1354"}],"version-history":[{"count":0,"href":"https:\/\/www.redlightdistrictnijmegen.nl\/ro\/wp-json\/wp\/v2\/pages\/1354\/revisions"}],"wp:attachment":[{"href":"https:\/\/www.redlightdistrictnijmegen.nl\/ro\/wp-json\/wp\/v2\/media?parent=1354"}],"curies":[{"name":"wp","href":"https:\/\/api.w.org\/{rel}","templated":true}]}}