{"id":1447,"date":"2023-07-24T13:35:27","date_gmt":"2023-07-24T11:35:27","guid":{"rendered":"https:\/\/www.redlightdistrictnijmegen.nl\/multumesc\/"},"modified":"2023-07-24T13:35:27","modified_gmt":"2023-07-24T11:35:27","slug":"multumesc","status":"publish","type":"page","link":"https:\/\/www.redlightdistrictnijmegen.nl\/ro\/multumesc\/","title":{"rendered":"Mul\u021bumesc"},"content":{"rendered":"<p>V\u0103 mul\u021bumim pentru mesajul dumneavoastr\u0103! V\u0103 vom contacta \u00een cur\u00e2nd.<\/p>\n","protected":false},"excerpt":{"rendered":"<p>V\u0103 mul\u021bumim pentru mesajul dumneavoastr\u0103! V\u0103 vom contacta \u00een cur\u00e2nd.<\/p>\n","protected":false},"author":1,"featured_media":0,"parent":0,"menu_order":0,"comment_status":"closed","ping_status":"closed","template":"","meta":{"_acf_changed":false,"inline_featured_image":false,"footnotes":""},"class_list":["post-1447","page","type-page","status-publish","hentry"],"acf":[],"_links":{"self":[{"href":"https:\/\/www.redlightdistrictnijmegen.nl\/ro\/wp-json\/wp\/v2\/pages\/1447","targetHints":{"allow":["GET"]}}],"collection":[{"href":"https:\/\/www.redlightdistrictnijmegen.nl\/ro\/wp-json\/wp\/v2\/pages"}],"about":[{"href":"https:\/\/www.redlightdistrictnijmegen.nl\/ro\/wp-json\/wp\/v2\/types\/page"}],"author":[{"embeddable":true,"href":"https:\/\/www.redlightdistrictnijmegen.nl\/ro\/wp-json\/wp\/v2\/users\/1"}],"replies":[{"embeddable":true,"href":"https:\/\/www.redlightdistrictnijmegen.nl\/ro\/wp-json\/wp\/v2\/comments?post=1447"}],"version-history":[{"count":0,"href":"https:\/\/www.redlightdistrictnijmegen.nl\/ro\/wp-json\/wp\/v2\/pages\/1447\/revisions"}],"wp:attachment":[{"href":"https:\/\/www.redlightdistrictnijmegen.nl\/ro\/wp-json\/wp\/v2\/media?parent=1447"}],"curies":[{"name":"wp","href":"https:\/\/api.w.org\/{rel}","templated":true}]}}